{"id":1746,"date":"2023-03-20T10:52:07","date_gmt":"2023-03-20T10:52:07","guid":{"rendered":"https:\/\/jorisservices.be\/?page_id=1746"},"modified":"2023-03-20T10:52:07","modified_gmt":"2023-03-20T10:52:07","slug":"cookie-policy","status":"publish","type":"page","link":"https:\/\/jorisservices.be\/fr\/cookie-policy\/","title":{"rendered":"Cookie Policy"},"content":{"rendered":"<h2>1. Bienvenue<\/h2>\n<p>Nous sommes Joris Services, avec plusieurs bureaux \u00e0 Sint-Agatha-Berchem, Wemmel et Dendermonde.<br \/>\nDans la pr\u00e9sente politique en mati\u00e8re de cookies, nous expliquons quelles informations nous pouvons collecter par le biais de notre site web sur la base de cookies et comment nous les utilisons pour am\u00e9liorer nos services.<br \/>\nEn utilisant notre site web, vous acceptez notre utilisation des cookies.<br \/>\nLa pr\u00e9sente politique en mati\u00e8re de cookies fait partie int\u00e9grante de nos conditions g\u00e9n\u00e9rales.<\/p>\n<h2>2. Cookies<\/h2>\n<p>Un \u00ab\u00a0cookie\u00a0\u00bb est un petit fichier de donn\u00e9es qui est temporairement plac\u00e9 sur votre ordinateur ou votre appareil mobile par une page internet lorsque vous visitez un site web. Un cookie nous permet d&rsquo;identifier l&rsquo;appareil que vous utilisez pour visiter notre site web sans nous donner acc\u00e8s \u00e0 vos donn\u00e9es personnelles.<br \/>\nLes cookies peuvent \u00eatre facilement supprim\u00e9s via les param\u00e8tres de votre navigateur. Vous pouvez \u00e9galement configurer votre navigateur de mani\u00e8re \u00e0 ce que les cookies soient toujours refus\u00e9s. Toutefois, cela peut \u00e9ventuellement entraver l&rsquo;utilisation de notre site web ou emp\u00eacher l&rsquo;acc\u00e8s \u00e0 certaines fonctionnalit\u00e9s.<\/p>\n<h2>Types de cookies<\/h2>\n<p><script type=\"text\/javascript\" charset=\"UTF-8\"  data-cookiescriptreport=\"report\" src=\"\/\/report.cookie-script.com\/r\/57783d2b87cd717e945522253d30cffb.js\"><\/script><\/p>\n","protected":false},"excerpt":{"rendered":"<p>1. Bienvenue Nous sommes Joris Services, avec plusieurs bureaux \u00e0 Sint-Agatha-Berchem, Wemmel et Dendermonde. Dans la pr\u00e9sente politique en mati\u00e8re de cookies, nous expliquons quelles informations nous pouvons collecter par le biais de notre site web sur la base de cookies et comment nous les utilisons pour am\u00e9liorer nos services. En utilisant notre site web,<\/p>\n","protected":false},"author":5,"featured_media":0,"parent":0,"menu_order":0,"comment_status":"closed","ping_status":"closed","template":"","meta":{"_acf_changed":false,"_exactmetrics_skip_tracking":false,"_exactmetrics_sitenote_active":false,"_exactmetrics_sitenote_note":"","_exactmetrics_sitenote_category":0,"footnotes":""},"class_list":["post-1746","page","type-page","status-publish","hentry"],"acf":[],"yoast_head":"<!-- This site is optimized with the Yoast SEO plugin v27.0 - https:\/\/yoast.com\/product\/yoast-seo-wordpress\/ -->\n<title>Cookie Policy - Joris Services<\/title>\n<meta name=\"robots\" content=\"index, follow, max-snippet:-1, max-image-preview:large, max-video-preview:-1\" \/>\n<link rel=\"canonical\" href=\"https:\/\/jorisservices.be\/fr\/cookie-policy\/\" \/>\n<meta property=\"og:locale\" content=\"fr_FR\" \/>\n<meta property=\"og:type\" content=\"article\" \/>\n<meta property=\"og:title\" content=\"Cookie Policy - Joris Services\" \/>\n<meta property=\"og:description\" content=\"1. Bienvenue Nous sommes Joris Services, avec plusieurs bureaux \u00e0 Sint-Agatha-Berchem, Wemmel et Dendermonde. Dans la pr\u00e9sente politique en mati\u00e8re de cookies, nous expliquons quelles informations nous pouvons collecter par le biais de notre site web sur la base de cookies et comment nous les utilisons pour am\u00e9liorer nos services. En utilisant notre site web,\" \/>\n<meta property=\"og:url\" content=\"https:\/\/jorisservices.be\/fr\/cookie-policy\/\" \/>\n<meta property=\"og:site_name\" content=\"Joris Services\" \/>\n<meta name=\"twitter:card\" content=\"summary_large_image\" \/>\n<meta name=\"twitter:label1\" content=\"Dur\u00e9e de lecture estim\u00e9e\" \/>\n\t<meta name=\"twitter:data1\" content=\"1 minute\" \/>\n<script type=\"application\/ld+json\" class=\"yoast-schema-graph\">{\"@context\":\"https:\/\/schema.org\",\"@graph\":[{\"@type\":\"WebPage\",\"@id\":\"https:\/\/jorisservices.be\/fr\/cookie-policy\/\",\"url\":\"https:\/\/jorisservices.be\/fr\/cookie-policy\/\",\"name\":\"Cookie Policy - Joris Services\",\"isPartOf\":{\"@id\":\"https:\/\/jorisservices.be\/#website\"},\"datePublished\":\"2023-03-20T10:52:07+00:00\",\"breadcrumb\":{\"@id\":\"https:\/\/jorisservices.be\/fr\/cookie-policy\/#breadcrumb\"},\"inLanguage\":\"fr-FR\",\"potentialAction\":[{\"@type\":\"ReadAction\",\"target\":[\"https:\/\/jorisservices.be\/fr\/cookie-policy\/\"]}]},{\"@type\":\"BreadcrumbList\",\"@id\":\"https:\/\/jorisservices.be\/fr\/cookie-policy\/#breadcrumb\",\"itemListElement\":[{\"@type\":\"ListItem\",\"position\":1,\"name\":\"Home\",\"item\":\"https:\/\/jorisservices.be\/fr\/\"},{\"@type\":\"ListItem\",\"position\":2,\"name\":\"Cookie Policy\"}]},{\"@type\":\"WebSite\",\"@id\":\"https:\/\/jorisservices.be\/#website\",\"url\":\"https:\/\/jorisservices.be\/\",\"name\":\"Joris Services\",\"description\":\"\",\"potentialAction\":[{\"@type\":\"SearchAction\",\"target\":{\"@type\":\"EntryPoint\",\"urlTemplate\":\"https:\/\/jorisservices.be\/?s={search_term_string}\"},\"query-input\":{\"@type\":\"PropertyValueSpecification\",\"valueRequired\":true,\"valueName\":\"search_term_string\"}}],\"inLanguage\":\"fr-FR\"}]}<\/script>\n<!-- \/ Yoast SEO plugin. -->","yoast_head_json":{"title":"Cookie Policy - Joris Services","robots":{"index":"index","follow":"follow","max-snippet":"max-snippet:-1","max-image-preview":"max-image-preview:large","max-video-preview":"max-video-preview:-1"},"canonical":"https:\/\/jorisservices.be\/fr\/cookie-policy\/","og_locale":"fr_FR","og_type":"article","og_title":"Cookie Policy - Joris Services","og_description":"1. Bienvenue Nous sommes Joris Services, avec plusieurs bureaux \u00e0 Sint-Agatha-Berchem, Wemmel et Dendermonde. Dans la pr\u00e9sente politique en mati\u00e8re de cookies, nous expliquons quelles informations nous pouvons collecter par le biais de notre site web sur la base de cookies et comment nous les utilisons pour am\u00e9liorer nos services. En utilisant notre site web,","og_url":"https:\/\/jorisservices.be\/fr\/cookie-policy\/","og_site_name":"Joris Services","twitter_card":"summary_large_image","twitter_misc":{"Dur\u00e9e de lecture estim\u00e9e":"1 minute"},"schema":{"@context":"https:\/\/schema.org","@graph":[{"@type":"WebPage","@id":"https:\/\/jorisservices.be\/fr\/cookie-policy\/","url":"https:\/\/jorisservices.be\/fr\/cookie-policy\/","name":"Cookie Policy - Joris Services","isPartOf":{"@id":"https:\/\/jorisservices.be\/#website"},"datePublished":"2023-03-20T10:52:07+00:00","breadcrumb":{"@id":"https:\/\/jorisservices.be\/fr\/cookie-policy\/#breadcrumb"},"inLanguage":"fr-FR","potentialAction":[{"@type":"ReadAction","target":["https:\/\/jorisservices.be\/fr\/cookie-policy\/"]}]},{"@type":"BreadcrumbList","@id":"https:\/\/jorisservices.be\/fr\/cookie-policy\/#breadcrumb","itemListElement":[{"@type":"ListItem","position":1,"name":"Home","item":"https:\/\/jorisservices.be\/fr\/"},{"@type":"ListItem","position":2,"name":"Cookie Policy"}]},{"@type":"WebSite","@id":"https:\/\/jorisservices.be\/#website","url":"https:\/\/jorisservices.be\/","name":"Joris Services","description":"","potentialAction":[{"@type":"SearchAction","target":{"@type":"EntryPoint","urlTemplate":"https:\/\/jorisservices.be\/?s={search_term_string}"},"query-input":{"@type":"PropertyValueSpecification","valueRequired":true,"valueName":"search_term_string"}}],"inLanguage":"fr-FR"}]}},"_links":{"self":[{"href":"https:\/\/jorisservices.be\/fr\/wp-json\/wp\/v2\/pages\/1746","targetHints":{"allow":["GET"]}}],"collection":[{"href":"https:\/\/jorisservices.be\/fr\/wp-json\/wp\/v2\/pages"}],"about":[{"href":"https:\/\/jorisservices.be\/fr\/wp-json\/wp\/v2\/types\/page"}],"author":[{"embeddable":true,"href":"https:\/\/jorisservices.be\/fr\/wp-json\/wp\/v2\/users\/5"}],"replies":[{"embeddable":true,"href":"https:\/\/jorisservices.be\/fr\/wp-json\/wp\/v2\/comments?post=1746"}],"version-history":[{"count":1,"href":"https:\/\/jorisservices.be\/fr\/wp-json\/wp\/v2\/pages\/1746\/revisions"}],"predecessor-version":[{"id":1747,"href":"https:\/\/jorisservices.be\/fr\/wp-json\/wp\/v2\/pages\/1746\/revisions\/1747"}],"wp:attachment":[{"href":"https:\/\/jorisservices.be\/fr\/wp-json\/wp\/v2\/media?parent=1746"}],"curies":[{"name":"wp","href":"https:\/\/api.w.org\/{rel}","templated":true}]}}