{"id":1725,"date":"2020-11-11T12:24:25","date_gmt":"2020-11-11T12:24:25","guid":{"rendered":"https:\/\/jorisservices.be\/?page_id=1725"},"modified":"2020-11-11T12:24:25","modified_gmt":"2020-11-11T12:24:25","slug":"covid-19-personnel","status":"publish","type":"page","link":"https:\/\/jorisservices.be\/fr\/covid-19-personnel\/","title":{"rendered":"COVID-19 personnel"},"content":{"rendered":"<p>[vc_row][vc_column][vc_column_text]<em><u>Directives sur le lieu de travail:<\/u><\/em><\/p>\n<ul>\n<li>Le client est-il chez lui ? Saluez-le, mais gardez toujours une distance de 1,5 m\u00e8tres.<\/li>\n<li>Une fois \u00e0 l&rsquo;int\u00e9rieur de la maison, lavez vous soigneusement les mains \u00e0 l&rsquo;eau et au savon. Utilisez des serviettes en papier jetables ou un essuie propre pour vous s\u00e9cher les mains. Si vous utilisez des serviettes en papier jetables, vous devez toujours les jeter dans une poubelle ferm\u00e9e.<\/li>\n<li>Travailler avec un masque.<\/li>\n<li>\u00c9ternuez et toussez dans un mouchoir et jetez-le imm\u00e9diatement dans une poubelle ferm\u00e9e. Ensuite lavez vous bien les mains.<\/li>\n<li>Portez au maximum vos gants pendant le travail\u00a0; m\u00eame si vous portez des gants, vous devez vous laver r\u00e9guli\u00e8rement les mains en portant les gants. De cette fa\u00e7on, vous \u00e9vitez la propagation possible du virus\/des bact\u00e9ries d&rsquo;un meuble\/objet \u00e0 un autre. Lavez vous les mains chaque fois que vous enlevez vos gants.<\/li>\n<li>Touchez le moins possible votre visage \u00e0 mains nues ou avec vos gants.<\/li>\n<li>Assurez une bonne ventilation. Pendant cette visite, accomplissez toujours d\u2019abord ce qui suit: la d\u00e9sinfection des points de contact les plus importants tels que : les poign\u00e9es de porte, les interrupteurs, les t\u00e9l\u00e9phones, les surfaces comme la table, l&rsquo;\u00e9vier, la t\u00e9l\u00e9commande, \u00a0et du sanitaire (certainement la chasse d&rsquo;eau, le repose-main, le robinet.). Lorsque vous repartez, r\u00e9p\u00e9tez ces actions.<\/li>\n<li>Nous avons \u00e9galement demand\u00e9 \u00e0 nos clients de soutenir et respecter ces consignes.<\/li>\n<li>Si nos clients ne suivent pas les directives, veuillez nous en informer imm\u00e9diatement afin que nous puissions faire le n\u00e9cessaire.<\/li>\n<li>Si vous \u00eates malade ou si vous pr\u00e9sentez des sympt\u00f4mes du covid-19 \u00a0vous ne pouvez pas travailler de m\u00eame que vous nous pouvez pas travailler chez une personne (pr\u00e9sum\u00e9e) contamin\u00e9e ou chez une personne qui pr\u00e9sente des sympt\u00f4mes de coronavirus.<\/li>\n<li>Si vous faites partie d\u2019un groupe \u00e0 risque (diab\u00e8te, maladies cardiaques, pulmonaires ou r\u00e9nales,\u2026), veuillez discuter de votre reprise de travail avec votre m\u00e9decin avant de recommencer.<\/li>\n<li>Nous vous demandons de nous informer imm\u00e9diatement, si vous revenez d&rsquo;une zone pour laquelle il existe une interdiction officielle de voyager (code rouge) ou d\u2019une zone ayant un risque de sant\u00e9 \u00e9lev\u00e9 (code orange) (voir\u00a0<a href=\"https:\/\/diplomatie.belgium.be\/fr\">https:\/\/diplomatie.belgium.be\/fr<\/a>), afin que nous puissions \u00a0prendre les mesures n\u00e9cessaires.<\/li>\n<\/ul>\n<p><em><u>Directives pour le d\u00e9placement sur le lieu de travail<\/u> :<\/em><\/p>\n<p>Vous vous rendez sur votre lieu de travail en tram, en train ou en bus ?<\/p>\n<p>L\u00e0 \u00e9galement : appliquez la r\u00e8gle des 1,5 m\u00e8tres.<\/p>\n<p>La consigne est de voyager autant que possible en dehors des heures de pointes.<\/p>\n<p>\u00c9vitez tout contact avec des objets m\u00e9talliques tels que les rampes et les poign\u00e9es en vous asseyant plut\u00f4t qu&rsquo;en restant debout.<\/p>\n<p><em><u>Nos bureaux<\/u>\u00a0:<\/em><\/p>\n<p>Nous privil\u00e9gions au maximum les contacts par t\u00e9l\u00e9phone et par mail.<\/p>\n<p>Si vous souhaitez passer au bureau pour apporter vos titres services, prendre un nouveau paquet de s\u00e9curit\u00e9, etc. veuillez d&rsquo;abord prendre un \u00a0rendez-vous.<\/p>\n<p>Continuez \u00e0 prendre soin de vous et de vos proches[\/vc_column_text][\/vc_column][\/vc_row]<\/p>\n","protected":false},"excerpt":{"rendered":"<p>[vc_row][vc_column][vc_column_text]Directives sur le lieu de travail: Le client est-il chez lui ? Saluez-le, mais gardez toujours une distance de 1,5 m\u00e8tres. Une fois \u00e0 l&rsquo;int\u00e9rieur de la maison, lavez vous soigneusement les mains \u00e0 l&rsquo;eau et au savon. Utilisez des serviettes en papier jetables ou un essuie propre pour vous s\u00e9cher les mains. Si vous<\/p>\n","protected":false},"author":1,"featured_media":0,"parent":0,"menu_order":0,"comment_status":"closed","ping_status":"closed","template":"","meta":{"_acf_changed":false,"_exactmetrics_skip_tracking":false,"_exactmetrics_sitenote_active":false,"_exactmetrics_sitenote_note":"","_exactmetrics_sitenote_category":0,"footnotes":""},"class_list":["post-1725","page","type-page","status-publish","hentry"],"acf":[],"yoast_head":"<!-- This site is optimized with the Yoast SEO plugin v27.0 - https:\/\/yoast.com\/product\/yoast-seo-wordpress\/ -->\n<title>COVID-19 personnel - Joris Services<\/title>\n<meta name=\"robots\" content=\"index, follow, max-snippet:-1, max-image-preview:large, max-video-preview:-1\" \/>\n<link rel=\"canonical\" href=\"https:\/\/jorisservices.be\/fr\/covid-19-personnel\/\" \/>\n<meta property=\"og:locale\" content=\"fr_FR\" \/>\n<meta property=\"og:type\" content=\"article\" \/>\n<meta property=\"og:title\" content=\"COVID-19 personnel - Joris Services\" \/>\n<meta property=\"og:description\" content=\"[vc_row][vc_column][vc_column_text]Directives sur le lieu de travail: Le client est-il chez lui ? Saluez-le, mais gardez toujours une distance de 1,5 m\u00e8tres. Une fois \u00e0 l&rsquo;int\u00e9rieur de la maison, lavez vous soigneusement les mains \u00e0 l&rsquo;eau et au savon. Utilisez des serviettes en papier jetables ou un essuie propre pour vous s\u00e9cher les mains. Si vous\" \/>\n<meta property=\"og:url\" content=\"https:\/\/jorisservices.be\/fr\/covid-19-personnel\/\" \/>\n<meta property=\"og:site_name\" content=\"Joris Services\" \/>\n<meta name=\"twitter:card\" content=\"summary_large_image\" \/>\n<meta name=\"twitter:label1\" content=\"Dur\u00e9e de lecture estim\u00e9e\" \/>\n\t<meta name=\"twitter:data1\" content=\"3 minutes\" \/>\n<script type=\"application\/ld+json\" class=\"yoast-schema-graph\">{\"@context\":\"https:\/\/schema.org\",\"@graph\":[{\"@type\":\"WebPage\",\"@id\":\"https:\/\/jorisservices.be\/fr\/covid-19-personnel\/\",\"url\":\"https:\/\/jorisservices.be\/fr\/covid-19-personnel\/\",\"name\":\"COVID-19 personnel - Joris Services\",\"isPartOf\":{\"@id\":\"https:\/\/jorisservices.be\/#website\"},\"datePublished\":\"2020-11-11T12:24:25+00:00\",\"breadcrumb\":{\"@id\":\"https:\/\/jorisservices.be\/fr\/covid-19-personnel\/#breadcrumb\"},\"inLanguage\":\"fr-FR\",\"potentialAction\":[{\"@type\":\"ReadAction\",\"target\":[\"https:\/\/jorisservices.be\/fr\/covid-19-personnel\/\"]}]},{\"@type\":\"BreadcrumbList\",\"@id\":\"https:\/\/jorisservices.be\/fr\/covid-19-personnel\/#breadcrumb\",\"itemListElement\":[{\"@type\":\"ListItem\",\"position\":1,\"name\":\"Home\",\"item\":\"https:\/\/jorisservices.be\/fr\/\"},{\"@type\":\"ListItem\",\"position\":2,\"name\":\"COVID-19 personnel\"}]},{\"@type\":\"WebSite\",\"@id\":\"https:\/\/jorisservices.be\/#website\",\"url\":\"https:\/\/jorisservices.be\/\",\"name\":\"Joris Services\",\"description\":\"\",\"potentialAction\":[{\"@type\":\"SearchAction\",\"target\":{\"@type\":\"EntryPoint\",\"urlTemplate\":\"https:\/\/jorisservices.be\/?s={search_term_string}\"},\"query-input\":{\"@type\":\"PropertyValueSpecification\",\"valueRequired\":true,\"valueName\":\"search_term_string\"}}],\"inLanguage\":\"fr-FR\"}]}<\/script>\n<!-- \/ Yoast SEO plugin. -->","yoast_head_json":{"title":"COVID-19 personnel - Joris Services","robots":{"index":"index","follow":"follow","max-snippet":"max-snippet:-1","max-image-preview":"max-image-preview:large","max-video-preview":"max-video-preview:-1"},"canonical":"https:\/\/jorisservices.be\/fr\/covid-19-personnel\/","og_locale":"fr_FR","og_type":"article","og_title":"COVID-19 personnel - Joris Services","og_description":"[vc_row][vc_column][vc_column_text]Directives sur le lieu de travail: Le client est-il chez lui ? Saluez-le, mais gardez toujours une distance de 1,5 m\u00e8tres. Une fois \u00e0 l&rsquo;int\u00e9rieur de la maison, lavez vous soigneusement les mains \u00e0 l&rsquo;eau et au savon. Utilisez des serviettes en papier jetables ou un essuie propre pour vous s\u00e9cher les mains. Si vous","og_url":"https:\/\/jorisservices.be\/fr\/covid-19-personnel\/","og_site_name":"Joris Services","twitter_card":"summary_large_image","twitter_misc":{"Dur\u00e9e de lecture estim\u00e9e":"3 minutes"},"schema":{"@context":"https:\/\/schema.org","@graph":[{"@type":"WebPage","@id":"https:\/\/jorisservices.be\/fr\/covid-19-personnel\/","url":"https:\/\/jorisservices.be\/fr\/covid-19-personnel\/","name":"COVID-19 personnel - Joris Services","isPartOf":{"@id":"https:\/\/jorisservices.be\/#website"},"datePublished":"2020-11-11T12:24:25+00:00","breadcrumb":{"@id":"https:\/\/jorisservices.be\/fr\/covid-19-personnel\/#breadcrumb"},"inLanguage":"fr-FR","potentialAction":[{"@type":"ReadAction","target":["https:\/\/jorisservices.be\/fr\/covid-19-personnel\/"]}]},{"@type":"BreadcrumbList","@id":"https:\/\/jorisservices.be\/fr\/covid-19-personnel\/#breadcrumb","itemListElement":[{"@type":"ListItem","position":1,"name":"Home","item":"https:\/\/jorisservices.be\/fr\/"},{"@type":"ListItem","position":2,"name":"COVID-19 personnel"}]},{"@type":"WebSite","@id":"https:\/\/jorisservices.be\/#website","url":"https:\/\/jorisservices.be\/","name":"Joris Services","description":"","potentialAction":[{"@type":"SearchAction","target":{"@type":"EntryPoint","urlTemplate":"https:\/\/jorisservices.be\/?s={search_term_string}"},"query-input":{"@type":"PropertyValueSpecification","valueRequired":true,"valueName":"search_term_string"}}],"inLanguage":"fr-FR"}]}},"_links":{"self":[{"href":"https:\/\/jorisservices.be\/fr\/wp-json\/wp\/v2\/pages\/1725","targetHints":{"allow":["GET"]}}],"collection":[{"href":"https:\/\/jorisservices.be\/fr\/wp-json\/wp\/v2\/pages"}],"about":[{"href":"https:\/\/jorisservices.be\/fr\/wp-json\/wp\/v2\/types\/page"}],"author":[{"embeddable":true,"href":"https:\/\/jorisservices.be\/fr\/wp-json\/wp\/v2\/users\/1"}],"replies":[{"embeddable":true,"href":"https:\/\/jorisservices.be\/fr\/wp-json\/wp\/v2\/comments?post=1725"}],"version-history":[{"count":0,"href":"https:\/\/jorisservices.be\/fr\/wp-json\/wp\/v2\/pages\/1725\/revisions"}],"wp:attachment":[{"href":"https:\/\/jorisservices.be\/fr\/wp-json\/wp\/v2\/media?parent=1725"}],"curies":[{"name":"wp","href":"https:\/\/api.w.org\/{rel}","templated":true}]}}