{"id":1711,"date":"2020-11-05T08:10:33","date_gmt":"2020-11-05T08:10:33","guid":{"rendered":"https:\/\/jorisservices.be\/?page_id=1711"},"modified":"2020-11-05T08:12:55","modified_gmt":"2020-11-05T08:12:55","slug":"covid-19-info","status":"publish","type":"page","link":"https:\/\/jorisservices.be\/fr\/covid-19-info\/","title":{"rendered":"COVID-19 info"},"content":{"rendered":"<p>[vc_row][vc_column][vc_column_text]Le Comit\u00e9 de Concertation du 30 octobre a pris de nouvelles mesures en raison de l\u2019augmentation de la propagation du coronavirus.<\/p>\n<p>A ce stade-ci,\u00a0les autorit\u00e9s f\u00e9d\u00e9rales et r\u00e9gionales\u00a0autorisent\u00a0l\u2019activit\u00e9 des titres-services\u00a0:\u00a0\u00a0les aide-m\u00e9nag\u00e8res\u00a0peuvent continuer \u00e0 effectuer leur travail\u00a0\u00e0 domicile en respectant les mesures de s\u00e9curit\u00e9 et nos centrales de repassage restent ouvertes avec point de collecte (sas \u00e0 l\u2019entr\u00e9e de nos centrales)<\/p>\n<p>Au vu des circonstances actuelles,\u00a0il est indispensable que chacun joue son r\u00f4le afin de pr\u00e9server la sant\u00e9 de tous.<br \/>\nDepuis le d\u00e9but de la crise sanitaire, nous avons pris les pr\u00e9cautions n\u00e9cessaires pour que les mesures soient respect\u00e9es de mani\u00e8re tr\u00e8s stricte par nos travailleurs sur leur lieu de travail.<\/p>\n<p>Nous leur demandons de porter les \u00e9quipements de s\u00e9curit\u00e9 mis \u00e0 leur disposition\u00a0: votre aide-m\u00e9nager(\u00e8)r(e) \u00a0dispose d&rsquo;un\u00a0kit de protection\u00a0comprenant des masques, des gants\u00a0; un flacon de gel hydro alcoolique et des mouchoirs en papier.<\/p>\n<p><em>Notre personnel:<\/em><\/p>\n<ul>\n<li>a l\u2019obligation de porter un masque lorsque la distanciation sociale (1,5 m) ne peut \u00eatre respect\u00e9e.<\/li>\n<li>est tenu de nous pr\u00e9venir imm\u00e9diatement en cas de maladie, d\u2019infection par le virus ou de contact avec une personne porteuse du virus.<\/li>\n<\/ul>\n<p><em>En tant que client:<\/em><\/p>\n<ul>\n<li>Pr\u00e9venez imm\u00e9diatement votre agence si vous avez des sympt\u00f4mes, si vous \u00eates malade ou en quarantaine.<\/li>\n<li>Veillez \u00e0 a\u00e9rer l\u2019habitation autant que possible avant l\u2019arriv\u00e9e de votre aide-m\u00e9nag\u00e8re et pendant son travail.<\/li>\n<li>Pr\u00e9voyez la possibilit\u00e9 de se laver les mains et de disposer d\u2019une serviette propre.<\/li>\n<li>Lors de le prestation, \u00e9vitez le contact avec votre aide-m\u00e9nag\u00e8re. Si le logement le permet, restez dans un espace s\u00e9par\u00e9 pendant le travail et si cela n\u2019est pas possible, respectez une distance minimale de 1,5 m\u00e8tres. Portez un masque lors de la prestation de votre aide-m\u00e9nag\u00e8re lorsque la distanciation sociale ne peut \u00eatre respect\u00e9e.<\/li>\n<li>Utilisez de pr\u00e9f\u00e9rence les ch\u00e8ques \u00e9lectroniques. Dans le cas o\u00f9 vous utilisez encore la version papier , merci de bien vouloir \u00a0pr\u00e9parer les ch\u00e8ques \u00a0\u00e0 l\u2019avance.<\/li>\n<\/ul>\n<p>Nos agences sont \u00e0 votre enti\u00e8re disposition pour vous servir et r\u00e9pondre \u00e0 vos questions, de pr\u00e9f\u00e9rence par\u00a0email\u00a0ou par\u00a0t\u00e9l\u00e9phone. Si vous vous rendez quand m\u00eame \u00e0 l\u2019agence, \u00a0les r\u00e8gles de\u00a0distanciation sociale\u00a0seront bien entendu respect\u00e9es et le port du\u00a0masque\u00a0est obligatoire.<br \/>\nIl va sans dire qu&rsquo;il est tr\u00e8s important de pouvoir compter sur votre bonne collaboration et nous vous en remercions vivement d\u2019avance.<\/p>\n<p>Continuez \u00e0 prendre soin de vous et de vos proches.[\/vc_column_text][\/vc_column][\/vc_row]<\/p>\n","protected":false},"excerpt":{"rendered":"<p>[vc_row][vc_column][vc_column_text]Le Comit\u00e9 de Concertation du 30 octobre a pris de nouvelles mesures en raison de l\u2019augmentation de la propagation du coronavirus. A ce stade-ci,\u00a0les autorit\u00e9s f\u00e9d\u00e9rales et r\u00e9gionales\u00a0autorisent\u00a0l\u2019activit\u00e9 des titres-services\u00a0:\u00a0\u00a0les aide-m\u00e9nag\u00e8res\u00a0peuvent continuer \u00e0 effectuer leur travail\u00a0\u00e0 domicile en respectant les mesures de s\u00e9curit\u00e9 et nos centrales de repassage restent ouvertes avec point de collecte (sas<\/p>\n","protected":false},"author":1,"featured_media":0,"parent":0,"menu_order":0,"comment_status":"closed","ping_status":"closed","template":"","meta":{"_acf_changed":false,"_exactmetrics_skip_tracking":false,"_exactmetrics_sitenote_active":false,"_exactmetrics_sitenote_note":"","_exactmetrics_sitenote_category":0,"footnotes":""},"class_list":["post-1711","page","type-page","status-publish","hentry"],"acf":[],"yoast_head":"<!-- This site is optimized with the Yoast SEO plugin v27.0 - https:\/\/yoast.com\/product\/yoast-seo-wordpress\/ -->\n<title>COVID-19 info - Joris Services<\/title>\n<meta name=\"robots\" content=\"index, follow, max-snippet:-1, max-image-preview:large, max-video-preview:-1\" \/>\n<link rel=\"canonical\" href=\"https:\/\/jorisservices.be\/fr\/covid-19-info\/\" \/>\n<meta property=\"og:locale\" content=\"fr_FR\" \/>\n<meta property=\"og:type\" content=\"article\" \/>\n<meta property=\"og:title\" content=\"COVID-19 info - Joris Services\" \/>\n<meta property=\"og:description\" content=\"[vc_row][vc_column][vc_column_text]Le Comit\u00e9 de Concertation du 30 octobre a pris de nouvelles mesures en raison de l\u2019augmentation de la propagation du coronavirus. A ce stade-ci,\u00a0les autorit\u00e9s f\u00e9d\u00e9rales et r\u00e9gionales\u00a0autorisent\u00a0l\u2019activit\u00e9 des titres-services\u00a0:\u00a0\u00a0les aide-m\u00e9nag\u00e8res\u00a0peuvent continuer \u00e0 effectuer leur travail\u00a0\u00e0 domicile en respectant les mesures de s\u00e9curit\u00e9 et nos centrales de repassage restent ouvertes avec point de collecte (sas\" \/>\n<meta property=\"og:url\" content=\"https:\/\/jorisservices.be\/fr\/covid-19-info\/\" \/>\n<meta property=\"og:site_name\" content=\"Joris Services\" \/>\n<meta property=\"article:modified_time\" content=\"2020-11-05T08:12:55+00:00\" \/>\n<meta name=\"twitter:card\" content=\"summary_large_image\" \/>\n<meta name=\"twitter:label1\" content=\"Dur\u00e9e de lecture estim\u00e9e\" \/>\n\t<meta name=\"twitter:data1\" content=\"2 minutes\" \/>\n<script type=\"application\/ld+json\" class=\"yoast-schema-graph\">{\"@context\":\"https:\/\/schema.org\",\"@graph\":[{\"@type\":\"WebPage\",\"@id\":\"https:\/\/jorisservices.be\/fr\/covid-19-info\/\",\"url\":\"https:\/\/jorisservices.be\/fr\/covid-19-info\/\",\"name\":\"COVID-19 info - Joris Services\",\"isPartOf\":{\"@id\":\"https:\/\/jorisservices.be\/#website\"},\"datePublished\":\"2020-11-05T08:10:33+00:00\",\"dateModified\":\"2020-11-05T08:12:55+00:00\",\"breadcrumb\":{\"@id\":\"https:\/\/jorisservices.be\/fr\/covid-19-info\/#breadcrumb\"},\"inLanguage\":\"fr-FR\",\"potentialAction\":[{\"@type\":\"ReadAction\",\"target\":[\"https:\/\/jorisservices.be\/fr\/covid-19-info\/\"]}]},{\"@type\":\"BreadcrumbList\",\"@id\":\"https:\/\/jorisservices.be\/fr\/covid-19-info\/#breadcrumb\",\"itemListElement\":[{\"@type\":\"ListItem\",\"position\":1,\"name\":\"Home\",\"item\":\"https:\/\/jorisservices.be\/fr\/\"},{\"@type\":\"ListItem\",\"position\":2,\"name\":\"COVID-19 info\"}]},{\"@type\":\"WebSite\",\"@id\":\"https:\/\/jorisservices.be\/#website\",\"url\":\"https:\/\/jorisservices.be\/\",\"name\":\"Joris Services\",\"description\":\"\",\"potentialAction\":[{\"@type\":\"SearchAction\",\"target\":{\"@type\":\"EntryPoint\",\"urlTemplate\":\"https:\/\/jorisservices.be\/?s={search_term_string}\"},\"query-input\":{\"@type\":\"PropertyValueSpecification\",\"valueRequired\":true,\"valueName\":\"search_term_string\"}}],\"inLanguage\":\"fr-FR\"}]}<\/script>\n<!-- \/ Yoast SEO plugin. -->","yoast_head_json":{"title":"COVID-19 info - Joris Services","robots":{"index":"index","follow":"follow","max-snippet":"max-snippet:-1","max-image-preview":"max-image-preview:large","max-video-preview":"max-video-preview:-1"},"canonical":"https:\/\/jorisservices.be\/fr\/covid-19-info\/","og_locale":"fr_FR","og_type":"article","og_title":"COVID-19 info - Joris Services","og_description":"[vc_row][vc_column][vc_column_text]Le Comit\u00e9 de Concertation du 30 octobre a pris de nouvelles mesures en raison de l\u2019augmentation de la propagation du coronavirus. A ce stade-ci,\u00a0les autorit\u00e9s f\u00e9d\u00e9rales et r\u00e9gionales\u00a0autorisent\u00a0l\u2019activit\u00e9 des titres-services\u00a0:\u00a0\u00a0les aide-m\u00e9nag\u00e8res\u00a0peuvent continuer \u00e0 effectuer leur travail\u00a0\u00e0 domicile en respectant les mesures de s\u00e9curit\u00e9 et nos centrales de repassage restent ouvertes avec point de collecte (sas","og_url":"https:\/\/jorisservices.be\/fr\/covid-19-info\/","og_site_name":"Joris Services","article_modified_time":"2020-11-05T08:12:55+00:00","twitter_card":"summary_large_image","twitter_misc":{"Dur\u00e9e de lecture estim\u00e9e":"2 minutes"},"schema":{"@context":"https:\/\/schema.org","@graph":[{"@type":"WebPage","@id":"https:\/\/jorisservices.be\/fr\/covid-19-info\/","url":"https:\/\/jorisservices.be\/fr\/covid-19-info\/","name":"COVID-19 info - Joris Services","isPartOf":{"@id":"https:\/\/jorisservices.be\/#website"},"datePublished":"2020-11-05T08:10:33+00:00","dateModified":"2020-11-05T08:12:55+00:00","breadcrumb":{"@id":"https:\/\/jorisservices.be\/fr\/covid-19-info\/#breadcrumb"},"inLanguage":"fr-FR","potentialAction":[{"@type":"ReadAction","target":["https:\/\/jorisservices.be\/fr\/covid-19-info\/"]}]},{"@type":"BreadcrumbList","@id":"https:\/\/jorisservices.be\/fr\/covid-19-info\/#breadcrumb","itemListElement":[{"@type":"ListItem","position":1,"name":"Home","item":"https:\/\/jorisservices.be\/fr\/"},{"@type":"ListItem","position":2,"name":"COVID-19 info"}]},{"@type":"WebSite","@id":"https:\/\/jorisservices.be\/#website","url":"https:\/\/jorisservices.be\/","name":"Joris Services","description":"","potentialAction":[{"@type":"SearchAction","target":{"@type":"EntryPoint","urlTemplate":"https:\/\/jorisservices.be\/?s={search_term_string}"},"query-input":{"@type":"PropertyValueSpecification","valueRequired":true,"valueName":"search_term_string"}}],"inLanguage":"fr-FR"}]}},"_links":{"self":[{"href":"https:\/\/jorisservices.be\/fr\/wp-json\/wp\/v2\/pages\/1711","targetHints":{"allow":["GET"]}}],"collection":[{"href":"https:\/\/jorisservices.be\/fr\/wp-json\/wp\/v2\/pages"}],"about":[{"href":"https:\/\/jorisservices.be\/fr\/wp-json\/wp\/v2\/types\/page"}],"author":[{"embeddable":true,"href":"https:\/\/jorisservices.be\/fr\/wp-json\/wp\/v2\/users\/1"}],"replies":[{"embeddable":true,"href":"https:\/\/jorisservices.be\/fr\/wp-json\/wp\/v2\/comments?post=1711"}],"version-history":[{"count":0,"href":"https:\/\/jorisservices.be\/fr\/wp-json\/wp\/v2\/pages\/1711\/revisions"}],"wp:attachment":[{"href":"https:\/\/jorisservices.be\/fr\/wp-json\/wp\/v2\/media?parent=1711"}],"curies":[{"name":"wp","href":"https:\/\/api.w.org\/{rel}","templated":true}]}}