{"id":1611,"date":"2018-08-10T13:45:42","date_gmt":"2018-08-10T13:45:42","guid":{"rendered":"https:\/\/jorisservices.be\/?page_id=1611"},"modified":"2018-08-10T14:51:37","modified_gmt":"2018-08-10T14:51:37","slug":"travailler-chez-nous","status":"publish","type":"page","link":"https:\/\/jorisservices.be\/fr\/travailler-chez-nous\/","title":{"rendered":"Travailler chez nous"},"content":{"rendered":"<p>[vc_row top_margin=\u00a0\u00bbpage-margin-top-section\u00a0\u00bb css=\u00a0\u00bb.vc_custom_1533899065642{padding-bottom: 3% !important;}\u00a0\u00bb][vc_column width=\u00a0\u00bb1\/3&Prime;]<div class=\"feature-item\"><div class=\"icon features-person\"><\/div><h4>Un emploi stable <\/h4><p>nous offrons syst\u00e9matiquement un contrat de travail \u00e0 dur\u00e9e ind\u00e9termin\u00e9e.<\/p><\/div>[\/vc_column][vc_column width=\u00a0\u00bb1\/3&Prime;]<div class=\"feature-item\"><div class=\"icon features-check\"><\/div><h4>Une r\u00e9mun\u00e9ration attrayante <\/h4><p>nous proposons un salaire comp\u00e9titif et attractif.<\/p><\/div>[\/vc_column][vc_column width=\u00a0\u00bb1\/3&Prime;]<div class=\"feature-item\"><div class=\"icon features-team\"><\/div><h4>Un encadrement personnalise <\/h4><p>Une \u00e9quipe professionnelle et sympathique \u00e0 votre service qui vous cr\u00e9e un horaire de travail en fonction des disponibilit\u00e9s de chacun et en limitant au mieux les trajets entre chaque client.<\/p><\/div>[\/vc_column][\/vc_row][vc_row css=\u00a0\u00bb.vc_custom_1533909134013{padding-bottom: 3% !important;}\u00a0\u00bb][vc_column]<div class=\"feature-item\"><h4>Et plus...<\/h4><p>Bien-\u00eatre et s\u00e9curit\u00e9 au travail\u00a0: une attention particuli\u00e8re est accord\u00e9e au bien-\u00eatre au travail et \u00e0 la s\u00e9curit\u00e9.<\/p>\n<p>Protection de la femme enceinte<\/p>\n<p>Travailleur \u00e2g\u00e9\u00a0: am\u00e9nagement du temps de travail, organisation du travail, coach 45+, \u2026<\/p>\n<p>Jeune travailleur\u00a0: le jeune travailleur est pris en charge par le biais\u00a0 d\u2019une formation compl\u00e8te.<\/p>\n<p>Campagne de vaccination contre la grippe,\u2026<\/p>\n<p>Des formations cibl\u00e9es\u00a0: ergonomie, accidents du travail\u2026<\/p>\n<p>Respect de la diversit\u00e9\u00a0: le respect de toutes les croyances religieuses ou convictions philosophiques, de toutes origines, orientations sexuelles ou minorit\u00e9s fait partie de notre engagement le plus profond.<\/p>\n<p>Nous tenons au respect de ces valeurs tant en notre sein qu\u2019aupr\u00e8s de nos clients \u00e0 l\u2019\u00e9gard de notre personnel.<\/p><\/div>[\/vc_column][\/vc_row][vc_row][vc_column]<div class=\"feature-item\"><h4>Contact<\/h4><\/div>[vc_empty_space]\n<div class=\"wpcf7 no-js\" id=\"wpcf7-f1647-o1\" lang=\"en-US\" dir=\"ltr\" data-wpcf7-id=\"1647\">\n<div class=\"screen-reader-response\"><p role=\"status\" aria-live=\"polite\" aria-atomic=\"true\"><\/p> <ul><\/ul><\/div>\n<form action=\"\/fr\/wp-json\/wp\/v2\/pages\/1611#wpcf7-f1647-o1\" method=\"post\" class=\"wpcf7-form init\" aria-label=\"Contact form\" novalidate=\"novalidate\" data-status=\"init\">\n<fieldset class=\"hidden-fields-container\"><input type=\"hidden\" name=\"_wpcf7\" value=\"1647\" \/><input type=\"hidden\" name=\"_wpcf7_version\" value=\"6.1.5\" \/><input type=\"hidden\" name=\"_wpcf7_locale\" value=\"en_US\" \/><input type=\"hidden\" name=\"_wpcf7_unit_tag\" value=\"wpcf7-f1647-o1\" \/><input type=\"hidden\" name=\"_wpcf7_container_post\" value=\"0\" \/><input type=\"hidden\" name=\"_wpcf7_posted_data_hash\" value=\"\" \/><input type=\"hidden\" name=\"_wpcf7_recaptcha_response\" value=\"\" \/>\n<\/fieldset>\n<div class=\"contact-form\">\n\t<div class=\"vc_row wpb_row vc_inner flex-box\">\n\t\t<fieldset class=\"vc_col-sm-6 wpb_column vc_column_container\">\n\t\t\t<div class=\"block\">\n\t\t\t\t<p><label>NOM<\/label><span class=\"wpcf7-form-control-wrap\" data-name=\"urname\"><input size=\"40\" maxlength=\"400\" class=\"wpcf7-form-control wpcf7-text wpcf7-validates-as-required text_input\" aria-required=\"true\" aria-invalid=\"false\" value=\"\" type=\"text\" name=\"urname\" \/><\/span>\n\t\t\t\t<\/p>\n\t\t\t<\/div>\n\t\t\t<div class=\"block\">\n\t\t\t\t<p><label>Adresse de courriel<\/label><span class=\"wpcf7-form-control-wrap\" data-name=\"email\"><input size=\"40\" maxlength=\"400\" class=\"wpcf7-form-control wpcf7-email wpcf7-validates-as-required wpcf7-text wpcf7-validates-as-email text_input\" aria-required=\"true\" aria-invalid=\"false\" value=\"\" type=\"email\" name=\"email\" \/><\/span>\n\t\t\t\t<\/p>\n\t\t\t<\/div>\n\t\t\t<div class=\"block\">\n\t\t\t\t<p><label>GSM<\/label><span class=\"wpcf7-form-control-wrap\" data-name=\"phone\"><input size=\"40\" maxlength=\"400\" class=\"wpcf7-form-control wpcf7-text wpcf7-validates-as-required text_input\" aria-required=\"true\" aria-invalid=\"false\" value=\"\" type=\"text\" name=\"phone\" \/><\/span>\n\t\t\t\t<\/p>\n\t\t\t<\/div>\n\t\t\t<div class=\"block\">\n\t\t\t\t<p><label>Adresse<\/label><span class=\"wpcf7-form-control-wrap\" data-name=\"adresse\"><input size=\"40\" maxlength=\"400\" class=\"wpcf7-form-control wpcf7-text wpcf7-validates-as-required text_input\" aria-required=\"true\" aria-invalid=\"false\" value=\"\" type=\"text\" name=\"adresse\" \/><\/span>\n\t\t\t\t<\/p>\n\t\t\t<\/div>\n\t\t<\/fieldset>\n\t\t<fieldset class=\"vc_col-sm-6 wpb_column vc_column_container\">\n\t\t\t<div class=\"block textarea-block\">\n\t\t\t\t<p><label>Mesage<\/label><span class=\"wpcf7-form-control-wrap\" data-name=\"your-message\"><textarea cols=\"40\" rows=\"10\" maxlength=\"2000\" class=\"wpcf7-form-control wpcf7-textarea\" aria-invalid=\"false\" name=\"your-message\"><\/textarea><\/span>\n\t\t\t\t<\/p>\n\t\t\t<\/div>\n\t\t<\/fieldset>\n\t<\/div>\n\n\t<div class=\"vc_row wpb_row vc_inner margin-top-30\">\n\t\t<fieldset class=\"vc_col-sm-12 wpb_column vc_column_container\">\n\t\t\t<div class=\"vc_row wpb_row vc_inner margin-top-15 padding-bottom-16 align-center\">\n\t\t\t\t<p><input class=\"wpcf7-form-control wpcf7-submit has-spinner more submit-contact-form\" type=\"submit\" value=\"Envoyer Le Message\" \/>\n\t\t\t\t<\/p>\n\t\t\t<\/div>\n\t\t<\/fieldset>\n\t<\/div>\n<\/div><div class=\"wpcf7-response-output\" aria-hidden=\"true\"><\/div>\n<\/form>\n<\/div>\n[\/vc_column][\/vc_row]<\/p>\n","protected":false},"excerpt":{"rendered":"<p>[vc_row top_margin=\u00a0\u00bbpage-margin-top-section\u00a0\u00bb css=\u00a0\u00bb.vc_custom_1533899065642{padding-bottom: 3% !important;}\u00a0\u00bb][vc_column width=\u00a0\u00bb1\/3&Prime;][\/vc_column][vc_column width=\u00a0\u00bb1\/3&Prime;][\/vc_column][vc_column width=\u00a0\u00bb1\/3&Prime;][\/vc_column][\/vc_row][vc_row css=\u00a0\u00bb.vc_custom_1533909134013{padding-bottom: 3% !important;}\u00a0\u00bb][vc_column][\/vc_column][\/vc_row][vc_row][vc_column][vc_empty_space][\/vc_column][\/vc_row]<\/p>\n","protected":false},"author":1,"featured_media":0,"parent":0,"menu_order":0,"comment_status":"closed","ping_status":"closed","template":"","meta":{"_acf_changed":false,"_exactmetrics_skip_tracking":false,"_exactmetrics_sitenote_active":false,"_exactmetrics_sitenote_note":"","_exactmetrics_sitenote_category":0,"footnotes":""},"class_list":["post-1611","page","type-page","status-publish","hentry"],"acf":[],"yoast_head":"<!-- This site is optimized with the Yoast SEO plugin v27.0 - https:\/\/yoast.com\/product\/yoast-seo-wordpress\/ -->\n<title>Travailler chez nous - Joris Services<\/title>\n<meta name=\"robots\" content=\"index, follow, max-snippet:-1, max-image-preview:large, max-video-preview:-1\" \/>\n<link rel=\"canonical\" href=\"https:\/\/jorisservices.be\/fr\/travailler-chez-nous\/\" \/>\n<meta property=\"og:locale\" content=\"fr_FR\" \/>\n<meta property=\"og:type\" content=\"article\" \/>\n<meta property=\"og:title\" content=\"Travailler chez nous - Joris Services\" \/>\n<meta property=\"og:description\" content=\"[vc_row top_margin=\u00a0\u00bbpage-margin-top-section\u00a0\u00bb css=\u00a0\u00bb.vc_custom_1533899065642{padding-bottom: 3% !important;}\u00a0\u00bb][vc_column width=\u00a0\u00bb1\/3&Prime;][\/vc_column][vc_column width=\u00a0\u00bb1\/3&Prime;][\/vc_column][vc_column width=\u00a0\u00bb1\/3&Prime;][\/vc_column][\/vc_row][vc_row css=\u00a0\u00bb.vc_custom_1533909134013{padding-bottom: 3% !important;}\u00a0\u00bb][vc_column][\/vc_column][\/vc_row][vc_row][vc_column][vc_empty_space][\/vc_column][\/vc_row]\" \/>\n<meta property=\"og:url\" content=\"https:\/\/jorisservices.be\/fr\/travailler-chez-nous\/\" \/>\n<meta property=\"og:site_name\" content=\"Joris Services\" \/>\n<meta property=\"article:modified_time\" content=\"2018-08-10T14:51:37+00:00\" \/>\n<meta name=\"twitter:card\" content=\"summary_large_image\" \/>\n<meta name=\"twitter:label1\" content=\"Dur\u00e9e de lecture estim\u00e9e\" \/>\n\t<meta name=\"twitter:data1\" content=\"1 minute\" \/>\n<script type=\"application\/ld+json\" class=\"yoast-schema-graph\">{\"@context\":\"https:\/\/schema.org\",\"@graph\":[{\"@type\":\"WebPage\",\"@id\":\"https:\/\/jorisservices.be\/fr\/travailler-chez-nous\/\",\"url\":\"https:\/\/jorisservices.be\/fr\/travailler-chez-nous\/\",\"name\":\"Travailler chez nous - Joris Services\",\"isPartOf\":{\"@id\":\"https:\/\/jorisservices.be\/#website\"},\"datePublished\":\"2018-08-10T13:45:42+00:00\",\"dateModified\":\"2018-08-10T14:51:37+00:00\",\"breadcrumb\":{\"@id\":\"https:\/\/jorisservices.be\/fr\/travailler-chez-nous\/#breadcrumb\"},\"inLanguage\":\"fr-FR\",\"potentialAction\":[{\"@type\":\"ReadAction\",\"target\":[\"https:\/\/jorisservices.be\/fr\/travailler-chez-nous\/\"]}]},{\"@type\":\"BreadcrumbList\",\"@id\":\"https:\/\/jorisservices.be\/fr\/travailler-chez-nous\/#breadcrumb\",\"itemListElement\":[{\"@type\":\"ListItem\",\"position\":1,\"name\":\"Home\",\"item\":\"https:\/\/jorisservices.be\/fr\/\"},{\"@type\":\"ListItem\",\"position\":2,\"name\":\"Travailler chez nous\"}]},{\"@type\":\"WebSite\",\"@id\":\"https:\/\/jorisservices.be\/#website\",\"url\":\"https:\/\/jorisservices.be\/\",\"name\":\"Joris Services\",\"description\":\"\",\"potentialAction\":[{\"@type\":\"SearchAction\",\"target\":{\"@type\":\"EntryPoint\",\"urlTemplate\":\"https:\/\/jorisservices.be\/?s={search_term_string}\"},\"query-input\":{\"@type\":\"PropertyValueSpecification\",\"valueRequired\":true,\"valueName\":\"search_term_string\"}}],\"inLanguage\":\"fr-FR\"}]}<\/script>\n<!-- \/ Yoast SEO plugin. -->","yoast_head_json":{"title":"Travailler chez nous - Joris Services","robots":{"index":"index","follow":"follow","max-snippet":"max-snippet:-1","max-image-preview":"max-image-preview:large","max-video-preview":"max-video-preview:-1"},"canonical":"https:\/\/jorisservices.be\/fr\/travailler-chez-nous\/","og_locale":"fr_FR","og_type":"article","og_title":"Travailler chez nous - Joris Services","og_description":"[vc_row top_margin=\u00a0\u00bbpage-margin-top-section\u00a0\u00bb css=\u00a0\u00bb.vc_custom_1533899065642{padding-bottom: 3% !important;}\u00a0\u00bb][vc_column width=\u00a0\u00bb1\/3&Prime;][\/vc_column][vc_column width=\u00a0\u00bb1\/3&Prime;][\/vc_column][vc_column width=\u00a0\u00bb1\/3&Prime;][\/vc_column][\/vc_row][vc_row css=\u00a0\u00bb.vc_custom_1533909134013{padding-bottom: 3% !important;}\u00a0\u00bb][vc_column][\/vc_column][\/vc_row][vc_row][vc_column][vc_empty_space][\/vc_column][\/vc_row]","og_url":"https:\/\/jorisservices.be\/fr\/travailler-chez-nous\/","og_site_name":"Joris Services","article_modified_time":"2018-08-10T14:51:37+00:00","twitter_card":"summary_large_image","twitter_misc":{"Dur\u00e9e de lecture estim\u00e9e":"1 minute"},"schema":{"@context":"https:\/\/schema.org","@graph":[{"@type":"WebPage","@id":"https:\/\/jorisservices.be\/fr\/travailler-chez-nous\/","url":"https:\/\/jorisservices.be\/fr\/travailler-chez-nous\/","name":"Travailler chez nous - Joris Services","isPartOf":{"@id":"https:\/\/jorisservices.be\/#website"},"datePublished":"2018-08-10T13:45:42+00:00","dateModified":"2018-08-10T14:51:37+00:00","breadcrumb":{"@id":"https:\/\/jorisservices.be\/fr\/travailler-chez-nous\/#breadcrumb"},"inLanguage":"fr-FR","potentialAction":[{"@type":"ReadAction","target":["https:\/\/jorisservices.be\/fr\/travailler-chez-nous\/"]}]},{"@type":"BreadcrumbList","@id":"https:\/\/jorisservices.be\/fr\/travailler-chez-nous\/#breadcrumb","itemListElement":[{"@type":"ListItem","position":1,"name":"Home","item":"https:\/\/jorisservices.be\/fr\/"},{"@type":"ListItem","position":2,"name":"Travailler chez nous"}]},{"@type":"WebSite","@id":"https:\/\/jorisservices.be\/#website","url":"https:\/\/jorisservices.be\/","name":"Joris Services","description":"","potentialAction":[{"@type":"SearchAction","target":{"@type":"EntryPoint","urlTemplate":"https:\/\/jorisservices.be\/?s={search_term_string}"},"query-input":{"@type":"PropertyValueSpecification","valueRequired":true,"valueName":"search_term_string"}}],"inLanguage":"fr-FR"}]}},"_links":{"self":[{"href":"https:\/\/jorisservices.be\/fr\/wp-json\/wp\/v2\/pages\/1611","targetHints":{"allow":["GET"]}}],"collection":[{"href":"https:\/\/jorisservices.be\/fr\/wp-json\/wp\/v2\/pages"}],"about":[{"href":"https:\/\/jorisservices.be\/fr\/wp-json\/wp\/v2\/types\/page"}],"author":[{"embeddable":true,"href":"https:\/\/jorisservices.be\/fr\/wp-json\/wp\/v2\/users\/1"}],"replies":[{"embeddable":true,"href":"https:\/\/jorisservices.be\/fr\/wp-json\/wp\/v2\/comments?post=1611"}],"version-history":[{"count":0,"href":"https:\/\/jorisservices.be\/fr\/wp-json\/wp\/v2\/pages\/1611\/revisions"}],"wp:attachment":[{"href":"https:\/\/jorisservices.be\/fr\/wp-json\/wp\/v2\/media?parent=1611"}],"curies":[{"name":"wp","href":"https:\/\/api.w.org\/{rel}","templated":true}]}}