{"id":1401,"date":"2018-05-21T08:49:57","date_gmt":"2018-05-21T08:49:57","guid":{"rendered":"https:\/\/jorisservices.be\/?page_id=1401"},"modified":"2020-11-05T11:00:35","modified_gmt":"2020-11-05T11:00:35","slug":"service-de-repassage","status":"publish","type":"page","link":"https:\/\/jorisservices.be\/fr\/service-de-repassage\/","title":{"rendered":"Service de repassage"},"content":{"rendered":"<p>[vc_row top_margin=\u00a0\u00bbpage-margin-top-section\u00a0\u00bb css=\u00a0\u00bb.vc_custom_1533899065642{padding-bottom: 3% !important;}\u00a0\u00bb][vc_column width=\u00a0\u00bb1\/2&Prime;]<div class=\"feature-item\"><div class=\"icon features-person\"><\/div><h4>SERVICE DE REPASSAGE<\/h4><p>Nos\u00a0<strong>repasseuses sp\u00e9cialis\u00e9es<\/strong>\u00a0y disposent de\u00a0<strong>planches et de fers professionnels<\/strong>\u00a0leur permettant de traiter vos textiles avec d\u00e9licatesse.<\/p>\n<p>Un contr\u00f4le strict de la qualit\u00e9 du repassage\u00a0 vous sera assur\u00e9.<\/p>\n<p>Nous sommes \u00e0 l&rsquo;\u00e9coute de vos souhaits (linge pli\u00e9, sur cintre, plis sur pantalon etc.)<\/p>\n<p>Par heure prest\u00e9e, un titre service vous sera demand\u00e9.<\/p><\/div>[\/vc_column][vc_column width=\u00a0\u00bb1\/2&Prime;]<div class=\"feature-item\"><div class=\"icon features-check\"><\/div><h4>MATERIEL PROFESSIONEL<\/h4><p>Nos\u00a0<strong>repasseuses sp\u00e9cialis\u00e9es<\/strong>\u00a0 disposent de\u00a0<strong>planches et de fers professionnels<\/strong>\u00a0leur permettant de traiter vos textiles avec d\u00e9licatesse.<\/p><\/div>[\/vc_column][\/vc_row][vc_row type=\u00a0\u00bbfull-width\u00a0\u00bb top_margin=\u00a0\u00bbpage-margin-top-section\u00a0\u00bb el_class=\u00a0\u00bbflex-box\u00a0\u00bb css=\u00a0\u00bb.vc_custom_1505988820861{background-color: #f6f6f6 !important;}\u00a0\u00bb][vc_column css=\u00a0\u00bb.vc_custom_1604573978249{background-position: center !important;background-repeat: no-repeat !important;background-size: cover !important;}\u00a0\u00bb][vc_row_inner el_class=\u00a0\u00bbpadding-left-right-100&Prime;][vc_column_inner]<h2 class=\"box-header align-left margin-top-89\">POURQUOI CHOISIR JORIS SERVICES<\/h2>[vc_column_text el_class=\u00a0\u00bbdescription\u00a0\u00bb]Vous en avez assez de consacrer votre temps libre au repassage de toute la maisonn\u00e9e?<br \/>\nConfiez vos v\u00eatements \u00e0 une de nos centrales de repassage sp\u00e9cialis\u00e9es.<br \/>\n[\/vc_column_text][\/vc_column_inner][\/vc_row_inner][vc_row_inner top_margin=\u00a0\u00bbpage-margin-top\u00a0\u00bb el_class=\u00a0\u00bbpadding-left-right-100&Prime;][vc_column_inner width=\u00a0\u00bb1\/2&Prime;]<div class=\"feature-item feature-item-number\"><span class=\"list-number\">1<\/span><h4>Flexible<\/h4><p>Vous apportez la quantit\u00e9 de linge que vous d\u00e9sirez. <\/p><\/div>[\/vc_column_inner][vc_column_inner width=\u00a0\u00bb1\/2&Prime;]<div class=\"feature-item feature-item-number\"><span class=\"list-number\">2<\/span><h4>Avantageux<\/h4><p>Par heure de repassage un titre vous sera demand\u00e9.<\/p><\/div>[\/vc_column_inner][\/vc_row_inner][vc_row_inner top_margin=\u00a0\u00bbpage-margin-top\u00a0\u00bb el_class=\u00a0\u00bbpadding-left-right-100&Prime;][vc_column_inner width=\u00a0\u00bb1\/2&Prime;]<div class=\"feature-item feature-item-number\"><span class=\"list-number\">3<\/span><h4>Simple<\/h4><p>Vous apportez votre linge dans une de nos centrales de repassage et vous r\u00e9cup\u00e9rez celui-ci dans les plus brefs d\u00e9lais.<br \/>\n<\/p><\/div>[\/vc_column_inner][vc_column_inner width=\u00a0\u00bb1\/2&Prime;]<div class=\"feature-item feature-item-number\"><span class=\"list-number\">4<\/span><h4>Qualit\u00e9<\/h4><p>Nos repasseuses utilisent un mat\u00e9riel professionnel, ceci afin de\u00a0 vous assurer un fini impeccable.<\/p><\/div>[\/vc_column_inner][\/vc_row_inner][vc_empty_space height=\u00a0\u00bb64px\u00a0\u00bb][\/vc_column][\/vc_row]<\/p>\n","protected":false},"excerpt":{"rendered":"<p>[vc_row top_margin=\u00a0\u00bbpage-margin-top-section\u00a0\u00bb css=\u00a0\u00bb.vc_custom_1533899065642{padding-bottom: 3% !important;}\u00a0\u00bb][vc_column width=\u00a0\u00bb1\/2&Prime;][\/vc_column][vc_column width=\u00a0\u00bb1\/2&Prime;][\/vc_column][\/vc_row][vc_row type=\u00a0\u00bbfull-width\u00a0\u00bb top_margin=\u00a0\u00bbpage-margin-top-section\u00a0\u00bb el_class=\u00a0\u00bbflex-box\u00a0\u00bb css=\u00a0\u00bb.vc_custom_1505988820861{background-color: #f6f6f6 !important;}\u00a0\u00bb][vc_column css=\u00a0\u00bb.vc_custom_1604573978249{background-position: center !important;background-repeat: no-repeat !important;background-size: cover !important;}\u00a0\u00bb][vc_row_inner el_class=\u00a0\u00bbpadding-left-right-100&Prime;][vc_column_inner][vc_column_text el_class=\u00a0\u00bbdescription\u00a0\u00bb]Vous en avez assez de consacrer votre temps libre au repassage de toute la maisonn\u00e9e? Confiez vos v\u00eatements \u00e0 une de nos centrales de repassage sp\u00e9cialis\u00e9es. [\/vc_column_text][\/vc_column_inner][\/vc_row_inner][vc_row_inner top_margin=\u00a0\u00bbpage-margin-top\u00a0\u00bb el_class=\u00a0\u00bbpadding-left-right-100&Prime;][vc_column_inner width=\u00a0\u00bb1\/2&Prime;][\/vc_column_inner][vc_column_inner width=\u00a0\u00bb1\/2&Prime;][\/vc_column_inner][\/vc_row_inner][vc_row_inner top_margin=\u00a0\u00bbpage-margin-top\u00a0\u00bb el_class=\u00a0\u00bbpadding-left-right-100&Prime;][vc_column_inner width=\u00a0\u00bb1\/2&Prime;][\/vc_column_inner][vc_column_inner<\/p>\n","protected":false},"author":1,"featured_media":0,"parent":0,"menu_order":0,"comment_status":"closed","ping_status":"closed","template":"","meta":{"_acf_changed":false,"_exactmetrics_skip_tracking":false,"_exactmetrics_sitenote_active":false,"_exactmetrics_sitenote_note":"","_exactmetrics_sitenote_category":0,"footnotes":""},"class_list":["post-1401","page","type-page","status-publish","hentry"],"acf":[],"yoast_head":"<!-- This site is optimized with the Yoast SEO plugin v27.0 - https:\/\/yoast.com\/product\/yoast-seo-wordpress\/ -->\n<title>Service de repassage - Joris Services<\/title>\n<meta name=\"robots\" content=\"index, follow, max-snippet:-1, max-image-preview:large, max-video-preview:-1\" \/>\n<link rel=\"canonical\" href=\"https:\/\/jorisservices.be\/fr\/service-de-repassage\/\" \/>\n<meta property=\"og:locale\" content=\"fr_FR\" \/>\n<meta property=\"og:type\" content=\"article\" \/>\n<meta property=\"og:title\" content=\"Service de repassage - Joris Services\" \/>\n<meta property=\"og:description\" content=\"[vc_row top_margin=\u00a0\u00bbpage-margin-top-section\u00a0\u00bb css=\u00a0\u00bb.vc_custom_1533899065642{padding-bottom: 3% !important;}\u00a0\u00bb][vc_column width=\u00a0\u00bb1\/2&Prime;][\/vc_column][vc_column width=\u00a0\u00bb1\/2&Prime;][\/vc_column][\/vc_row][vc_row type=\u00a0\u00bbfull-width\u00a0\u00bb top_margin=\u00a0\u00bbpage-margin-top-section\u00a0\u00bb el_class=\u00a0\u00bbflex-box\u00a0\u00bb css=\u00a0\u00bb.vc_custom_1505988820861{background-color: #f6f6f6 !important;}\u00a0\u00bb][vc_column css=\u00a0\u00bb.vc_custom_1604573978249{background-position: center !important;background-repeat: no-repeat !important;background-size: cover !important;}\u00a0\u00bb][vc_row_inner el_class=\u00a0\u00bbpadding-left-right-100&Prime;][vc_column_inner][vc_column_text el_class=\u00a0\u00bbdescription\u00a0\u00bb]Vous en avez assez de consacrer votre temps libre au repassage de toute la maisonn\u00e9e? Confiez vos v\u00eatements \u00e0 une de nos centrales de repassage sp\u00e9cialis\u00e9es. [\/vc_column_text][\/vc_column_inner][\/vc_row_inner][vc_row_inner top_margin=\u00a0\u00bbpage-margin-top\u00a0\u00bb el_class=\u00a0\u00bbpadding-left-right-100&Prime;][vc_column_inner width=\u00a0\u00bb1\/2&Prime;][\/vc_column_inner][vc_column_inner width=\u00a0\u00bb1\/2&Prime;][\/vc_column_inner][\/vc_row_inner][vc_row_inner top_margin=\u00a0\u00bbpage-margin-top\u00a0\u00bb el_class=\u00a0\u00bbpadding-left-right-100&Prime;][vc_column_inner width=\u00a0\u00bb1\/2&Prime;][\/vc_column_inner][vc_column_inner\" \/>\n<meta property=\"og:url\" content=\"https:\/\/jorisservices.be\/fr\/service-de-repassage\/\" \/>\n<meta property=\"og:site_name\" content=\"Joris Services\" \/>\n<meta property=\"article:modified_time\" content=\"2020-11-05T11:00:35+00:00\" \/>\n<meta name=\"twitter:card\" content=\"summary_large_image\" \/>\n<meta name=\"twitter:label1\" content=\"Dur\u00e9e de lecture estim\u00e9e\" \/>\n\t<meta name=\"twitter:data1\" content=\"2 minutes\" \/>\n<script type=\"application\/ld+json\" class=\"yoast-schema-graph\">{\"@context\":\"https:\/\/schema.org\",\"@graph\":[{\"@type\":\"WebPage\",\"@id\":\"https:\/\/jorisservices.be\/fr\/service-de-repassage\/\",\"url\":\"https:\/\/jorisservices.be\/fr\/service-de-repassage\/\",\"name\":\"Service de repassage - Joris Services\",\"isPartOf\":{\"@id\":\"https:\/\/jorisservices.be\/#website\"},\"datePublished\":\"2018-05-21T08:49:57+00:00\",\"dateModified\":\"2020-11-05T11:00:35+00:00\",\"breadcrumb\":{\"@id\":\"https:\/\/jorisservices.be\/fr\/service-de-repassage\/#breadcrumb\"},\"inLanguage\":\"fr-FR\",\"potentialAction\":[{\"@type\":\"ReadAction\",\"target\":[\"https:\/\/jorisservices.be\/fr\/service-de-repassage\/\"]}]},{\"@type\":\"BreadcrumbList\",\"@id\":\"https:\/\/jorisservices.be\/fr\/service-de-repassage\/#breadcrumb\",\"itemListElement\":[{\"@type\":\"ListItem\",\"position\":1,\"name\":\"Home\",\"item\":\"https:\/\/jorisservices.be\/fr\/\"},{\"@type\":\"ListItem\",\"position\":2,\"name\":\"Service de repassage\"}]},{\"@type\":\"WebSite\",\"@id\":\"https:\/\/jorisservices.be\/#website\",\"url\":\"https:\/\/jorisservices.be\/\",\"name\":\"Joris Services\",\"description\":\"\",\"potentialAction\":[{\"@type\":\"SearchAction\",\"target\":{\"@type\":\"EntryPoint\",\"urlTemplate\":\"https:\/\/jorisservices.be\/?s={search_term_string}\"},\"query-input\":{\"@type\":\"PropertyValueSpecification\",\"valueRequired\":true,\"valueName\":\"search_term_string\"}}],\"inLanguage\":\"fr-FR\"}]}<\/script>\n<!-- \/ Yoast SEO plugin. -->","yoast_head_json":{"title":"Service de repassage - Joris Services","robots":{"index":"index","follow":"follow","max-snippet":"max-snippet:-1","max-image-preview":"max-image-preview:large","max-video-preview":"max-video-preview:-1"},"canonical":"https:\/\/jorisservices.be\/fr\/service-de-repassage\/","og_locale":"fr_FR","og_type":"article","og_title":"Service de repassage - Joris Services","og_description":"[vc_row top_margin=\u00a0\u00bbpage-margin-top-section\u00a0\u00bb css=\u00a0\u00bb.vc_custom_1533899065642{padding-bottom: 3% !important;}\u00a0\u00bb][vc_column width=\u00a0\u00bb1\/2&Prime;][\/vc_column][vc_column width=\u00a0\u00bb1\/2&Prime;][\/vc_column][\/vc_row][vc_row type=\u00a0\u00bbfull-width\u00a0\u00bb top_margin=\u00a0\u00bbpage-margin-top-section\u00a0\u00bb el_class=\u00a0\u00bbflex-box\u00a0\u00bb css=\u00a0\u00bb.vc_custom_1505988820861{background-color: #f6f6f6 !important;}\u00a0\u00bb][vc_column css=\u00a0\u00bb.vc_custom_1604573978249{background-position: center !important;background-repeat: no-repeat !important;background-size: cover !important;}\u00a0\u00bb][vc_row_inner el_class=\u00a0\u00bbpadding-left-right-100&Prime;][vc_column_inner][vc_column_text el_class=\u00a0\u00bbdescription\u00a0\u00bb]Vous en avez assez de consacrer votre temps libre au repassage de toute la maisonn\u00e9e? Confiez vos v\u00eatements \u00e0 une de nos centrales de repassage sp\u00e9cialis\u00e9es. [\/vc_column_text][\/vc_column_inner][\/vc_row_inner][vc_row_inner top_margin=\u00a0\u00bbpage-margin-top\u00a0\u00bb el_class=\u00a0\u00bbpadding-left-right-100&Prime;][vc_column_inner width=\u00a0\u00bb1\/2&Prime;][\/vc_column_inner][vc_column_inner width=\u00a0\u00bb1\/2&Prime;][\/vc_column_inner][\/vc_row_inner][vc_row_inner top_margin=\u00a0\u00bbpage-margin-top\u00a0\u00bb el_class=\u00a0\u00bbpadding-left-right-100&Prime;][vc_column_inner width=\u00a0\u00bb1\/2&Prime;][\/vc_column_inner][vc_column_inner","og_url":"https:\/\/jorisservices.be\/fr\/service-de-repassage\/","og_site_name":"Joris Services","article_modified_time":"2020-11-05T11:00:35+00:00","twitter_card":"summary_large_image","twitter_misc":{"Dur\u00e9e de lecture estim\u00e9e":"2 minutes"},"schema":{"@context":"https:\/\/schema.org","@graph":[{"@type":"WebPage","@id":"https:\/\/jorisservices.be\/fr\/service-de-repassage\/","url":"https:\/\/jorisservices.be\/fr\/service-de-repassage\/","name":"Service de repassage - Joris Services","isPartOf":{"@id":"https:\/\/jorisservices.be\/#website"},"datePublished":"2018-05-21T08:49:57+00:00","dateModified":"2020-11-05T11:00:35+00:00","breadcrumb":{"@id":"https:\/\/jorisservices.be\/fr\/service-de-repassage\/#breadcrumb"},"inLanguage":"fr-FR","potentialAction":[{"@type":"ReadAction","target":["https:\/\/jorisservices.be\/fr\/service-de-repassage\/"]}]},{"@type":"BreadcrumbList","@id":"https:\/\/jorisservices.be\/fr\/service-de-repassage\/#breadcrumb","itemListElement":[{"@type":"ListItem","position":1,"name":"Home","item":"https:\/\/jorisservices.be\/fr\/"},{"@type":"ListItem","position":2,"name":"Service de repassage"}]},{"@type":"WebSite","@id":"https:\/\/jorisservices.be\/#website","url":"https:\/\/jorisservices.be\/","name":"Joris Services","description":"","potentialAction":[{"@type":"SearchAction","target":{"@type":"EntryPoint","urlTemplate":"https:\/\/jorisservices.be\/?s={search_term_string}"},"query-input":{"@type":"PropertyValueSpecification","valueRequired":true,"valueName":"search_term_string"}}],"inLanguage":"fr-FR"}]}},"_links":{"self":[{"href":"https:\/\/jorisservices.be\/fr\/wp-json\/wp\/v2\/pages\/1401","targetHints":{"allow":["GET"]}}],"collection":[{"href":"https:\/\/jorisservices.be\/fr\/wp-json\/wp\/v2\/pages"}],"about":[{"href":"https:\/\/jorisservices.be\/fr\/wp-json\/wp\/v2\/types\/page"}],"author":[{"embeddable":true,"href":"https:\/\/jorisservices.be\/fr\/wp-json\/wp\/v2\/users\/1"}],"replies":[{"embeddable":true,"href":"https:\/\/jorisservices.be\/fr\/wp-json\/wp\/v2\/comments?post=1401"}],"version-history":[{"count":0,"href":"https:\/\/jorisservices.be\/fr\/wp-json\/wp\/v2\/pages\/1401\/revisions"}],"wp:attachment":[{"href":"https:\/\/jorisservices.be\/fr\/wp-json\/wp\/v2\/media?parent=1401"}],"curies":[{"name":"wp","href":"https:\/\/api.w.org\/{rel}","templated":true}]}}