{"id":1398,"date":"2018-05-21T08:49:33","date_gmt":"2018-05-21T08:49:33","guid":{"rendered":"https:\/\/jorisservices.be\/?page_id=1398"},"modified":"2018-08-13T06:00:11","modified_gmt":"2018-08-13T06:00:11","slug":"service-de-nettoyage","status":"publish","type":"page","link":"https:\/\/jorisservices.be\/fr\/service-de-nettoyage\/","title":{"rendered":"Service de nettoyage"},"content":{"rendered":"<p>[vc_row top_margin=\u00a0\u00bbpage-margin-top-section\u00a0\u00bb css=\u00a0\u00bb.vc_custom_1533899042310{padding-bottom: 3% !important;}\u00a0\u00bb][vc_column width=\u00a0\u00bb1\/3&Prime;]<div class=\"feature-item\"><div class=\"icon features-person\"><\/div><h4>AIDE-MENAGERE<\/h4><p>A la recherche d\u2019une aide-m\u00e9nag\u00e8re qualifi\u00e9e\u00a0?<\/p>\n<p>Joris Services, ce sont des aides-m\u00e9nag\u00e8res comp\u00e9tentes, encadr\u00e9es par une \u00e9quipe de professionnels.<\/p>\n<p>Une s\u00e9lection rigoureuse et une formation continue du personnel nous permettent de vous proposer l&rsquo;aide \u00e0 domicile qui r\u00e9pond le plus efficacement et le plus fid\u00e8lement \u00e0 vos besoins familiaux.<\/p><\/div>[\/vc_column][vc_column width=\u00a0\u00bb1\/3&Prime;]<div class=\"feature-item\"><div class=\"icon features-task\"><\/div><h4>ACTIVITES AUTORISEES<\/h4><p>le nettoyage du domicile (vitres comprises)<\/p>\n<p>la lessive et le repassage<\/p>\n<p>le raccommodage du linge \u00e0 repasser<\/p>\n<p>la pr\u00e9paration des repas<\/p>\n<p>L\u2019aide aux petites courses propres aux besoins du quotidien<\/p><\/div>[\/vc_column][vc_column width=\u00a0\u00bb1\/3&Prime;]<div class=\"feature-item\"><div class=\"icon features-clock\"><\/div><h4>PLANNING<\/h4><p>Vous d\u00e9sirez une aide toutes les semaines, tous les 15 jours?<\/p>\n<p>Vous recherchez une aide \u00e0 raison de 4h semaine ou \u00e0 raison de plusieurs jours semaine\u00a0?<\/p>\n<p>Nous recherchons ensemble la solution qui vous convient le mieux.<\/p><\/div>[\/vc_column][\/vc_row][vc_row type=\u00a0\u00bbfull-width\u00a0\u00bb top_margin=\u00a0\u00bbpage-margin-top-section\u00a0\u00bb el_class=\u00a0\u00bbflex-box\u00a0\u00bb css=\u00a0\u00bb.vc_custom_1505988820861{background-color: #f6f6f6 !important;}\u00a0\u00bb][vc_column width=\u00a0\u00bb1\/2&Prime; css=\u00a0\u00bb.vc_custom_1510321028525{background-image: url(http:\/\/quanticalabs.com\/wptest\/cleanmate\/files\/2017\/11\/image_02-3.jpg?id=1137) !important;background-position: center !important;background-repeat: no-repeat !important;background-size: cover !important;}\u00a0\u00bb][vc_single_image image=\u00a0\u00bb1153&Prime; img_size=\u00a0\u00bbfull\u00a0\u00bb el_class=\u00a0\u00bbflex-hide\u00a0\u00bb][\/vc_column][vc_column width=\u00a0\u00bb1\/2&Prime; el_class=\u00a0\u00bbpadding-bottom-96&Prime;][vc_row_inner el_class=\u00a0\u00bbpadding-left-right-100&Prime;][vc_column_inner]<h2 class=\"box-header align-left margin-top-89\">Pourquoi choisir Joris Services ?<\/h2>[vc_column_text el_class=\u00a0\u00bbdescription\u00a0\u00bb]Vous \u00eates d\u00e9pass\u00e9(e) par les t\u00e2ches m\u00e9nag\u00e8res et souhaiteriez b\u00e9n\u00e9ficier de plus de temps libre\u00a0?<\/p>\n<p>Nous sommes l\u00e0 pour vous.<\/p>\n<p><span id=\"result_box\" class=\"\" lang=\"fr\"><span class=\"\">\u00a0<\/span><\/span>[\/vc_column_text][\/vc_column_inner][\/vc_row_inner][\/vc_column][\/vc_row]<\/p>\n","protected":false},"excerpt":{"rendered":"<p>[vc_row top_margin=\u00a0\u00bbpage-margin-top-section\u00a0\u00bb css=\u00a0\u00bb.vc_custom_1533899042310{padding-bottom: 3% !important;}\u00a0\u00bb][vc_column width=\u00a0\u00bb1\/3&Prime;][\/vc_column][vc_column width=\u00a0\u00bb1\/3&Prime;][\/vc_column][vc_column width=\u00a0\u00bb1\/3&Prime;][\/vc_column][\/vc_row][vc_row type=\u00a0\u00bbfull-width\u00a0\u00bb top_margin=\u00a0\u00bbpage-margin-top-section\u00a0\u00bb el_class=\u00a0\u00bbflex-box\u00a0\u00bb css=\u00a0\u00bb.vc_custom_1505988820861{background-color: #f6f6f6 !important;}\u00a0\u00bb][vc_column width=\u00a0\u00bb1\/2&Prime; css=\u00a0\u00bb.vc_custom_1510321028525{background-image: url(http:\/\/quanticalabs.com\/wptest\/cleanmate\/files\/2017\/11\/image_02-3.jpg?id=1137) !important;background-position: center !important;background-repeat: no-repeat !important;background-size: cover !important;}\u00a0\u00bb][vc_single_image image=\u00a0\u00bb1153&Prime; img_size=\u00a0\u00bbfull\u00a0\u00bb el_class=\u00a0\u00bbflex-hide\u00a0\u00bb][\/vc_column][vc_column width=\u00a0\u00bb1\/2&Prime; el_class=\u00a0\u00bbpadding-bottom-96&Prime;][vc_row_inner el_class=\u00a0\u00bbpadding-left-right-100&Prime;][vc_column_inner][vc_column_text el_class=\u00a0\u00bbdescription\u00a0\u00bb]Vous \u00eates d\u00e9pass\u00e9(e) par les t\u00e2ches m\u00e9nag\u00e8res et souhaiteriez b\u00e9n\u00e9ficier de plus de temps libre\u00a0? Nous sommes l\u00e0 pour vous. \u00a0[\/vc_column_text][\/vc_column_inner][\/vc_row_inner][\/vc_column][\/vc_row]<\/p>\n","protected":false},"author":1,"featured_media":0,"parent":0,"menu_order":0,"comment_status":"closed","ping_status":"closed","template":"","meta":{"_acf_changed":false,"_exactmetrics_skip_tracking":false,"_exactmetrics_sitenote_active":false,"_exactmetrics_sitenote_note":"","_exactmetrics_sitenote_category":0,"footnotes":""},"class_list":["post-1398","page","type-page","status-publish","hentry"],"acf":[],"yoast_head":"<!-- This site is optimized with the Yoast SEO plugin v27.0 - https:\/\/yoast.com\/product\/yoast-seo-wordpress\/ -->\n<title>Service de nettoyage - Joris Services<\/title>\n<meta name=\"robots\" content=\"index, follow, max-snippet:-1, max-image-preview:large, max-video-preview:-1\" \/>\n<link rel=\"canonical\" href=\"https:\/\/jorisservices.be\/fr\/service-de-nettoyage\/\" \/>\n<meta property=\"og:locale\" content=\"fr_FR\" \/>\n<meta property=\"og:type\" content=\"article\" \/>\n<meta property=\"og:title\" content=\"Service de nettoyage - Joris Services\" \/>\n<meta property=\"og:description\" content=\"[vc_row top_margin=\u00a0\u00bbpage-margin-top-section\u00a0\u00bb css=\u00a0\u00bb.vc_custom_1533899042310{padding-bottom: 3% !important;}\u00a0\u00bb][vc_column width=\u00a0\u00bb1\/3&Prime;][\/vc_column][vc_column width=\u00a0\u00bb1\/3&Prime;][\/vc_column][vc_column width=\u00a0\u00bb1\/3&Prime;][\/vc_column][\/vc_row][vc_row type=\u00a0\u00bbfull-width\u00a0\u00bb top_margin=\u00a0\u00bbpage-margin-top-section\u00a0\u00bb el_class=\u00a0\u00bbflex-box\u00a0\u00bb css=\u00a0\u00bb.vc_custom_1505988820861{background-color: #f6f6f6 !important;}\u00a0\u00bb][vc_column width=\u00a0\u00bb1\/2&Prime; css=\u00a0\u00bb.vc_custom_1510321028525{background-image: url(http:\/\/quanticalabs.com\/wptest\/cleanmate\/files\/2017\/11\/image_02-3.jpg?id=1137) !important;background-position: center !important;background-repeat: no-repeat !important;background-size: cover !important;}\u00a0\u00bb][vc_single_image image=\u00a0\u00bb1153&Prime; img_size=\u00a0\u00bbfull\u00a0\u00bb el_class=\u00a0\u00bbflex-hide\u00a0\u00bb][\/vc_column][vc_column width=\u00a0\u00bb1\/2&Prime; el_class=\u00a0\u00bbpadding-bottom-96&Prime;][vc_row_inner el_class=\u00a0\u00bbpadding-left-right-100&Prime;][vc_column_inner][vc_column_text el_class=\u00a0\u00bbdescription\u00a0\u00bb]Vous \u00eates d\u00e9pass\u00e9(e) par les t\u00e2ches m\u00e9nag\u00e8res et souhaiteriez b\u00e9n\u00e9ficier de plus de temps libre\u00a0? Nous sommes l\u00e0 pour vous. \u00a0[\/vc_column_text][\/vc_column_inner][\/vc_row_inner][\/vc_column][\/vc_row]\" \/>\n<meta property=\"og:url\" content=\"https:\/\/jorisservices.be\/fr\/service-de-nettoyage\/\" \/>\n<meta property=\"og:site_name\" content=\"Joris Services\" \/>\n<meta property=\"article:modified_time\" content=\"2018-08-13T06:00:11+00:00\" \/>\n<meta name=\"twitter:card\" content=\"summary_large_image\" \/>\n<meta name=\"twitter:label1\" content=\"Dur\u00e9e de lecture estim\u00e9e\" \/>\n\t<meta name=\"twitter:data1\" content=\"2 minutes\" \/>\n<script type=\"application\/ld+json\" class=\"yoast-schema-graph\">{\"@context\":\"https:\/\/schema.org\",\"@graph\":[{\"@type\":\"WebPage\",\"@id\":\"https:\/\/jorisservices.be\/fr\/service-de-nettoyage\/\",\"url\":\"https:\/\/jorisservices.be\/fr\/service-de-nettoyage\/\",\"name\":\"Service de nettoyage - Joris Services\",\"isPartOf\":{\"@id\":\"https:\/\/jorisservices.be\/#website\"},\"datePublished\":\"2018-05-21T08:49:33+00:00\",\"dateModified\":\"2018-08-13T06:00:11+00:00\",\"breadcrumb\":{\"@id\":\"https:\/\/jorisservices.be\/fr\/service-de-nettoyage\/#breadcrumb\"},\"inLanguage\":\"fr-FR\",\"potentialAction\":[{\"@type\":\"ReadAction\",\"target\":[\"https:\/\/jorisservices.be\/fr\/service-de-nettoyage\/\"]}]},{\"@type\":\"BreadcrumbList\",\"@id\":\"https:\/\/jorisservices.be\/fr\/service-de-nettoyage\/#breadcrumb\",\"itemListElement\":[{\"@type\":\"ListItem\",\"position\":1,\"name\":\"Home\",\"item\":\"https:\/\/jorisservices.be\/fr\/\"},{\"@type\":\"ListItem\",\"position\":2,\"name\":\"Service de nettoyage\"}]},{\"@type\":\"WebSite\",\"@id\":\"https:\/\/jorisservices.be\/#website\",\"url\":\"https:\/\/jorisservices.be\/\",\"name\":\"Joris Services\",\"description\":\"\",\"potentialAction\":[{\"@type\":\"SearchAction\",\"target\":{\"@type\":\"EntryPoint\",\"urlTemplate\":\"https:\/\/jorisservices.be\/?s={search_term_string}\"},\"query-input\":{\"@type\":\"PropertyValueSpecification\",\"valueRequired\":true,\"valueName\":\"search_term_string\"}}],\"inLanguage\":\"fr-FR\"}]}<\/script>\n<!-- \/ Yoast SEO plugin. -->","yoast_head_json":{"title":"Service de nettoyage - Joris Services","robots":{"index":"index","follow":"follow","max-snippet":"max-snippet:-1","max-image-preview":"max-image-preview:large","max-video-preview":"max-video-preview:-1"},"canonical":"https:\/\/jorisservices.be\/fr\/service-de-nettoyage\/","og_locale":"fr_FR","og_type":"article","og_title":"Service de nettoyage - Joris Services","og_description":"[vc_row top_margin=\u00a0\u00bbpage-margin-top-section\u00a0\u00bb css=\u00a0\u00bb.vc_custom_1533899042310{padding-bottom: 3% !important;}\u00a0\u00bb][vc_column width=\u00a0\u00bb1\/3&Prime;][\/vc_column][vc_column width=\u00a0\u00bb1\/3&Prime;][\/vc_column][vc_column width=\u00a0\u00bb1\/3&Prime;][\/vc_column][\/vc_row][vc_row type=\u00a0\u00bbfull-width\u00a0\u00bb top_margin=\u00a0\u00bbpage-margin-top-section\u00a0\u00bb el_class=\u00a0\u00bbflex-box\u00a0\u00bb css=\u00a0\u00bb.vc_custom_1505988820861{background-color: #f6f6f6 !important;}\u00a0\u00bb][vc_column width=\u00a0\u00bb1\/2&Prime; css=\u00a0\u00bb.vc_custom_1510321028525{background-image: url(http:\/\/quanticalabs.com\/wptest\/cleanmate\/files\/2017\/11\/image_02-3.jpg?id=1137) !important;background-position: center !important;background-repeat: no-repeat !important;background-size: cover !important;}\u00a0\u00bb][vc_single_image image=\u00a0\u00bb1153&Prime; img_size=\u00a0\u00bbfull\u00a0\u00bb el_class=\u00a0\u00bbflex-hide\u00a0\u00bb][\/vc_column][vc_column width=\u00a0\u00bb1\/2&Prime; el_class=\u00a0\u00bbpadding-bottom-96&Prime;][vc_row_inner el_class=\u00a0\u00bbpadding-left-right-100&Prime;][vc_column_inner][vc_column_text el_class=\u00a0\u00bbdescription\u00a0\u00bb]Vous \u00eates d\u00e9pass\u00e9(e) par les t\u00e2ches m\u00e9nag\u00e8res et souhaiteriez b\u00e9n\u00e9ficier de plus de temps libre\u00a0? Nous sommes l\u00e0 pour vous. \u00a0[\/vc_column_text][\/vc_column_inner][\/vc_row_inner][\/vc_column][\/vc_row]","og_url":"https:\/\/jorisservices.be\/fr\/service-de-nettoyage\/","og_site_name":"Joris Services","article_modified_time":"2018-08-13T06:00:11+00:00","twitter_card":"summary_large_image","twitter_misc":{"Dur\u00e9e de lecture estim\u00e9e":"2 minutes"},"schema":{"@context":"https:\/\/schema.org","@graph":[{"@type":"WebPage","@id":"https:\/\/jorisservices.be\/fr\/service-de-nettoyage\/","url":"https:\/\/jorisservices.be\/fr\/service-de-nettoyage\/","name":"Service de nettoyage - Joris Services","isPartOf":{"@id":"https:\/\/jorisservices.be\/#website"},"datePublished":"2018-05-21T08:49:33+00:00","dateModified":"2018-08-13T06:00:11+00:00","breadcrumb":{"@id":"https:\/\/jorisservices.be\/fr\/service-de-nettoyage\/#breadcrumb"},"inLanguage":"fr-FR","potentialAction":[{"@type":"ReadAction","target":["https:\/\/jorisservices.be\/fr\/service-de-nettoyage\/"]}]},{"@type":"BreadcrumbList","@id":"https:\/\/jorisservices.be\/fr\/service-de-nettoyage\/#breadcrumb","itemListElement":[{"@type":"ListItem","position":1,"name":"Home","item":"https:\/\/jorisservices.be\/fr\/"},{"@type":"ListItem","position":2,"name":"Service de nettoyage"}]},{"@type":"WebSite","@id":"https:\/\/jorisservices.be\/#website","url":"https:\/\/jorisservices.be\/","name":"Joris Services","description":"","potentialAction":[{"@type":"SearchAction","target":{"@type":"EntryPoint","urlTemplate":"https:\/\/jorisservices.be\/?s={search_term_string}"},"query-input":{"@type":"PropertyValueSpecification","valueRequired":true,"valueName":"search_term_string"}}],"inLanguage":"fr-FR"}]}},"_links":{"self":[{"href":"https:\/\/jorisservices.be\/fr\/wp-json\/wp\/v2\/pages\/1398","targetHints":{"allow":["GET"]}}],"collection":[{"href":"https:\/\/jorisservices.be\/fr\/wp-json\/wp\/v2\/pages"}],"about":[{"href":"https:\/\/jorisservices.be\/fr\/wp-json\/wp\/v2\/types\/page"}],"author":[{"embeddable":true,"href":"https:\/\/jorisservices.be\/fr\/wp-json\/wp\/v2\/users\/1"}],"replies":[{"embeddable":true,"href":"https:\/\/jorisservices.be\/fr\/wp-json\/wp\/v2\/comments?post=1398"}],"version-history":[{"count":0,"href":"https:\/\/jorisservices.be\/fr\/wp-json\/wp\/v2\/pages\/1398\/revisions"}],"wp:attachment":[{"href":"https:\/\/jorisservices.be\/fr\/wp-json\/wp\/v2\/media?parent=1398"}],"curies":[{"name":"wp","href":"https:\/\/api.w.org\/{rel}","templated":true}]}}