{"id":1393,"date":"2018-05-21T08:49:05","date_gmt":"2018-05-21T08:49:05","guid":{"rendered":"https:\/\/jorisservices.be\/?page_id=1393"},"modified":"2020-11-11T12:16:39","modified_gmt":"2020-11-11T12:16:39","slug":"a-propos-de-joris","status":"publish","type":"page","link":"https:\/\/jorisservices.be\/fr\/a-propos-de-joris\/","title":{"rendered":"A propos de Joris"},"content":{"rendered":"<p>[vc_row top_margin=\u00a0\u00bbpage-margin-top-section\u00a0\u00bb][vc_column width=\u00a0\u00bb1\/2&Prime;][vc_row_inner el_class=\u00a0\u00bbpadding-left-right-30&Prime;][vc_column_inner]<h2 class=\"box-header align-left\">QUI SOMMES NOUS<\/h2>[vc_column_text el_class=\u00a0\u00bbpadding-0 margin-top-27&Prime;]Cr\u00e9\u00e9e en 1979 la soci\u00e9t\u00e9 a chang\u00e9 d\u2019activit\u00e9 en 2007 pour se centrer sur le service aux personnes dans le cadre des titres services.<\/p>\n<p>Joris Services s\u2019est d\u00e9velopp\u00e9e au fil des ann\u00e9es jusqu\u2019\u00e0 devenir une entreprise de grande taille. Ce succ\u00e8s ne nous a jamais fait perdre notre souhait de garder une taille humaine et de rester proche de nos clients mais aussi de nos travailleurs.<\/p>\n<p>C\u2019est dans cet esprit de proximit\u00e9 qu\u2019Elisabeth, Delphine et Elise g\u00e8rent l\u2019entreprise dans une ambiance conviviale et familiale.<\/p>\n<p>Nous nous attachons \u00e0 servir nos clients en leur assurant flexibilit\u00e9, efficacit\u00e9 et qualit\u00e9. Forts de cet engagement, nos clients satisfaits font sans cesse croitre nos activit\u00e9s.<\/p>\n<p>Cette satisfaction de nos clients ne passe pas sans le bien-\u00eatre de nos travailleurs.<\/p>\n<p>A ce titre nous leur offrons un emploi stable, une r\u00e9mun\u00e9ration attrayante, un encadrement personnalis\u00e9.[\/vc_column_text][\/vc_column_inner][\/vc_row_inner][\/vc_column][vc_column width=\u00a0\u00bb1\/2&Prime;]<h4 class=\"box-header margin-top-40 no-border\">NOS OBJECTIFS<\/h4><ul class=\"list margin-top-20\"><li class=\"template-tick-1\"><span>Offrir un service optimal et personnalis\u00e9 \u00e0 notre client\u00e8le<\/span><\/li><li class=\"template-tick-1\"><span>des aides-m\u00e9nag\u00e8res comp\u00e9tentes, encadr\u00e9es par une \u00e9quipe de professionnels<\/span><\/li><li class=\"template-tick-1\"><span>Rien n\u2019est plus important \u00e0 nos yeux que la satisfaction de nos clients.<\/span><\/li><\/ul>[\/vc_column][\/vc_row][vc_row type=\u00a0\u00bbfull-width cm-parallax cm-overlay\u00a0\u00bb top_margin=\u00a0\u00bbpage-margin-top-section\u00a0\u00bb el_class=\u00a0\u00bbpage-padding-top-section padding-bottom-100&Prime; css=\u00a0\u00bb.vc_custom_1510320391770{background-image: url(http:\/\/quanticalabs.com\/wptest\/cleanmate\/files\/2017\/11\/image_03-3.jpg?id=1145) !important;}\u00a0\u00bb][vc_column][\/vc_column][\/vc_row][vc_row type=\u00a0\u00bbfull-width\u00a0\u00bb el_class=\u00a0\u00bbpadding-top-89 padding-bottom-100&Prime; css=\u00a0\u00bb.vc_custom_1505914370877{background-color: #f6f6f6 !important;}\u00a0\u00bb][vc_column][vc_row_inner][vc_column_inner]<h3 class=\"box-header no-border\">CE QUE RACONTENT NOS CLIENTS<\/h3><div class=\"testimonials-container type-small margin-top-40\"><div class=\"cm-carousel-pagination\"><\/div><ul class=\"testimonials-list testimonials-carousel autoplay-0 pause_on_hover-1 scroll-1 effect-scroll easing-easeInOutQuint duration-750\"><li>\r\n\t\t\t\t\t\r\n\t\t\t\t\t<p class=\"template-quote\">En rentrant du travail ce jour, j'ai retrouv\u00e9 mon appartement tout propre et bien rang\u00e9. Quelle agr\u00e9able surprise, un tr\u00e8s grand merci pour le professionnalisme de votre entreprise.<\/p>\r\n\t\t\t\t\t<div class=\"author-details-box\">\r\n\t\t\t\t\t<div class=\"author\">Martine, Jette<\/div>\r\n\t\t\t\t\t\r\n\t\t\t\t\t<\/div>\r\n\t\t\t\t<\/li><li>\r\n\t\t\t\t\t\r\n\t\t\t\t\t<p class=\"template-quote\">Je tiens suis enti\u00e8rement satisfait de l'aide m\u00e9nag\u00e8re qui est venue chez nous ce jour. Tout avait \u00e9t\u00e9 nettoy\u00e9 comme je le souhaitais. Encore un grand merci<\/p>\r\n\t\t\t\t\t<div class=\"author-details-box\">\r\n\t\t\t\t\t<div class=\"author\">Jean, Wemmel<\/div>\r\n\t\t\t\t\t\r\n\t\t\t\t\t<\/div>\r\n\t\t\t\t<\/li><li>\r\n\t\t\t\t\t\r\n\t\t\t\t\t<p class=\"template-quote\">Je n'avais pas le courage pour repasser mon linge. J'ai donc fait appel \u00e0 votre centrale de repassage, d\u00e9lai respect\u00e9 et linge repass\u00e9 jusque dans les moindres plis. En plus le personnel est hyper accueillant.<\/p>\r\n\t\t\t\t\t<div class=\"author-details-box\">\r\n\t\t\t\t\t<div class=\"author\">Mehdi, Bruxelles<\/div>\r\n\t\t\t\t\t\r\n\t\t\t\t\t<\/div>\r\n\t\t\t\t<\/li><\/ul><\/div>[\/vc_column_inner][\/vc_row_inner][\/vc_column][\/vc_row]<\/p>\n","protected":false},"excerpt":{"rendered":"<p>[vc_row top_margin=\u00a0\u00bbpage-margin-top-section\u00a0\u00bb][vc_column width=\u00a0\u00bb1\/2&Prime;][vc_row_inner el_class=\u00a0\u00bbpadding-left-right-30&Prime;][vc_column_inner][vc_column_text el_class=\u00a0\u00bbpadding-0 margin-top-27&Prime;]Cr\u00e9\u00e9e en 1979 la soci\u00e9t\u00e9 a chang\u00e9 d\u2019activit\u00e9 en 2007 pour se centrer sur le service aux personnes dans le cadre des titres services. Joris Services s\u2019est d\u00e9velopp\u00e9e au fil des ann\u00e9es jusqu\u2019\u00e0 devenir une entreprise de grande taille. Ce succ\u00e8s ne nous a jamais fait perdre notre souhait de<\/p>\n","protected":false},"author":1,"featured_media":0,"parent":0,"menu_order":0,"comment_status":"closed","ping_status":"closed","template":"","meta":{"_acf_changed":false,"_exactmetrics_skip_tracking":false,"_exactmetrics_sitenote_active":false,"_exactmetrics_sitenote_note":"","_exactmetrics_sitenote_category":0,"footnotes":""},"class_list":["post-1393","page","type-page","status-publish","hentry"],"acf":[],"yoast_head":"<!-- This site is optimized with the Yoast SEO plugin v27.0 - https:\/\/yoast.com\/product\/yoast-seo-wordpress\/ -->\n<title>A propos de Joris - Joris Services<\/title>\n<meta name=\"robots\" content=\"index, follow, max-snippet:-1, max-image-preview:large, max-video-preview:-1\" \/>\n<link rel=\"canonical\" href=\"https:\/\/jorisservices.be\/fr\/a-propos-de-joris\/\" \/>\n<meta property=\"og:locale\" content=\"fr_FR\" \/>\n<meta property=\"og:type\" content=\"article\" \/>\n<meta property=\"og:title\" content=\"A propos de Joris - Joris Services\" \/>\n<meta property=\"og:description\" content=\"[vc_row top_margin=\u00a0\u00bbpage-margin-top-section\u00a0\u00bb][vc_column width=\u00a0\u00bb1\/2&Prime;][vc_row_inner el_class=\u00a0\u00bbpadding-left-right-30&Prime;][vc_column_inner][vc_column_text el_class=\u00a0\u00bbpadding-0 margin-top-27&Prime;]Cr\u00e9\u00e9e en 1979 la soci\u00e9t\u00e9 a chang\u00e9 d\u2019activit\u00e9 en 2007 pour se centrer sur le service aux personnes dans le cadre des titres services. Joris Services s\u2019est d\u00e9velopp\u00e9e au fil des ann\u00e9es jusqu\u2019\u00e0 devenir une entreprise de grande taille. Ce succ\u00e8s ne nous a jamais fait perdre notre souhait de\" \/>\n<meta property=\"og:url\" content=\"https:\/\/jorisservices.be\/fr\/a-propos-de-joris\/\" \/>\n<meta property=\"og:site_name\" content=\"Joris Services\" \/>\n<meta property=\"article:modified_time\" content=\"2020-11-11T12:16:39+00:00\" \/>\n<meta name=\"twitter:card\" content=\"summary_large_image\" \/>\n<meta name=\"twitter:label1\" content=\"Dur\u00e9e de lecture estim\u00e9e\" \/>\n\t<meta name=\"twitter:data1\" content=\"2 minutes\" \/>\n<script type=\"application\/ld+json\" class=\"yoast-schema-graph\">{\"@context\":\"https:\/\/schema.org\",\"@graph\":[{\"@type\":\"WebPage\",\"@id\":\"https:\/\/jorisservices.be\/fr\/a-propos-de-joris\/\",\"url\":\"https:\/\/jorisservices.be\/fr\/a-propos-de-joris\/\",\"name\":\"A propos de Joris - Joris Services\",\"isPartOf\":{\"@id\":\"https:\/\/jorisservices.be\/#website\"},\"datePublished\":\"2018-05-21T08:49:05+00:00\",\"dateModified\":\"2020-11-11T12:16:39+00:00\",\"breadcrumb\":{\"@id\":\"https:\/\/jorisservices.be\/fr\/a-propos-de-joris\/#breadcrumb\"},\"inLanguage\":\"fr-FR\",\"potentialAction\":[{\"@type\":\"ReadAction\",\"target\":[\"https:\/\/jorisservices.be\/fr\/a-propos-de-joris\/\"]}]},{\"@type\":\"BreadcrumbList\",\"@id\":\"https:\/\/jorisservices.be\/fr\/a-propos-de-joris\/#breadcrumb\",\"itemListElement\":[{\"@type\":\"ListItem\",\"position\":1,\"name\":\"Home\",\"item\":\"https:\/\/jorisservices.be\/fr\/\"},{\"@type\":\"ListItem\",\"position\":2,\"name\":\"A propos de Joris\"}]},{\"@type\":\"WebSite\",\"@id\":\"https:\/\/jorisservices.be\/#website\",\"url\":\"https:\/\/jorisservices.be\/\",\"name\":\"Joris Services\",\"description\":\"\",\"potentialAction\":[{\"@type\":\"SearchAction\",\"target\":{\"@type\":\"EntryPoint\",\"urlTemplate\":\"https:\/\/jorisservices.be\/?s={search_term_string}\"},\"query-input\":{\"@type\":\"PropertyValueSpecification\",\"valueRequired\":true,\"valueName\":\"search_term_string\"}}],\"inLanguage\":\"fr-FR\"}]}<\/script>\n<!-- \/ Yoast SEO plugin. -->","yoast_head_json":{"title":"A propos de Joris - Joris Services","robots":{"index":"index","follow":"follow","max-snippet":"max-snippet:-1","max-image-preview":"max-image-preview:large","max-video-preview":"max-video-preview:-1"},"canonical":"https:\/\/jorisservices.be\/fr\/a-propos-de-joris\/","og_locale":"fr_FR","og_type":"article","og_title":"A propos de Joris - Joris Services","og_description":"[vc_row top_margin=\u00a0\u00bbpage-margin-top-section\u00a0\u00bb][vc_column width=\u00a0\u00bb1\/2&Prime;][vc_row_inner el_class=\u00a0\u00bbpadding-left-right-30&Prime;][vc_column_inner][vc_column_text el_class=\u00a0\u00bbpadding-0 margin-top-27&Prime;]Cr\u00e9\u00e9e en 1979 la soci\u00e9t\u00e9 a chang\u00e9 d\u2019activit\u00e9 en 2007 pour se centrer sur le service aux personnes dans le cadre des titres services. Joris Services s\u2019est d\u00e9velopp\u00e9e au fil des ann\u00e9es jusqu\u2019\u00e0 devenir une entreprise de grande taille. Ce succ\u00e8s ne nous a jamais fait perdre notre souhait de","og_url":"https:\/\/jorisservices.be\/fr\/a-propos-de-joris\/","og_site_name":"Joris Services","article_modified_time":"2020-11-11T12:16:39+00:00","twitter_card":"summary_large_image","twitter_misc":{"Dur\u00e9e de lecture estim\u00e9e":"2 minutes"},"schema":{"@context":"https:\/\/schema.org","@graph":[{"@type":"WebPage","@id":"https:\/\/jorisservices.be\/fr\/a-propos-de-joris\/","url":"https:\/\/jorisservices.be\/fr\/a-propos-de-joris\/","name":"A propos de Joris - Joris Services","isPartOf":{"@id":"https:\/\/jorisservices.be\/#website"},"datePublished":"2018-05-21T08:49:05+00:00","dateModified":"2020-11-11T12:16:39+00:00","breadcrumb":{"@id":"https:\/\/jorisservices.be\/fr\/a-propos-de-joris\/#breadcrumb"},"inLanguage":"fr-FR","potentialAction":[{"@type":"ReadAction","target":["https:\/\/jorisservices.be\/fr\/a-propos-de-joris\/"]}]},{"@type":"BreadcrumbList","@id":"https:\/\/jorisservices.be\/fr\/a-propos-de-joris\/#breadcrumb","itemListElement":[{"@type":"ListItem","position":1,"name":"Home","item":"https:\/\/jorisservices.be\/fr\/"},{"@type":"ListItem","position":2,"name":"A propos de Joris"}]},{"@type":"WebSite","@id":"https:\/\/jorisservices.be\/#website","url":"https:\/\/jorisservices.be\/","name":"Joris Services","description":"","potentialAction":[{"@type":"SearchAction","target":{"@type":"EntryPoint","urlTemplate":"https:\/\/jorisservices.be\/?s={search_term_string}"},"query-input":{"@type":"PropertyValueSpecification","valueRequired":true,"valueName":"search_term_string"}}],"inLanguage":"fr-FR"}]}},"_links":{"self":[{"href":"https:\/\/jorisservices.be\/fr\/wp-json\/wp\/v2\/pages\/1393","targetHints":{"allow":["GET"]}}],"collection":[{"href":"https:\/\/jorisservices.be\/fr\/wp-json\/wp\/v2\/pages"}],"about":[{"href":"https:\/\/jorisservices.be\/fr\/wp-json\/wp\/v2\/types\/page"}],"author":[{"embeddable":true,"href":"https:\/\/jorisservices.be\/fr\/wp-json\/wp\/v2\/users\/1"}],"replies":[{"embeddable":true,"href":"https:\/\/jorisservices.be\/fr\/wp-json\/wp\/v2\/comments?post=1393"}],"version-history":[{"count":0,"href":"https:\/\/jorisservices.be\/fr\/wp-json\/wp\/v2\/pages\/1393\/revisions"}],"wp:attachment":[{"href":"https:\/\/jorisservices.be\/fr\/wp-json\/wp\/v2\/media?parent=1393"}],"curies":[{"name":"wp","href":"https:\/\/api.w.org\/{rel}","templated":true}]}}